{"id":996,"date":"2013-02-04T15:17:06","date_gmt":"2013-02-04T13:17:06","guid":{"rendered":"http:\/\/www.syco.de\/?page_id=996"},"modified":"2016-10-11T13:18:42","modified_gmt":"2016-10-11T11:18:42","slug":"fwie","status":"publish","type":"page","link":"https:\/\/www.syco.de\/?page_id=996","title":{"rendered":"\u00a0Fernwartung Internet Explorer -Hilfe"},"content":{"rendered":"<table style=\"width: 950px; height: 487px;\" border=\"0\">\n<tbody>\n<tr>\n<td colspan=\"14\"><span style=\"text-decoration: underline; font-size: small; font-family: arial,helvetica,sans-serif;\"><strong><span style=\"text-decoration: underline; font-size: small; font-family: arial,helvetica,sans-serif;\"><strong><a href=\"http:\/\/www.syco.de\/fernwartung\/fernwartung-hilfe\/\">\u00a0<\/a><\/strong><\/span><\/strong><\/span><\/td>\n<\/tr>\n<tr>\n<td colspan=\"14\"><span style=\"text-decoration: underline; font-size: small; font-family: arial,helvetica,sans-serif;\"><strong>Hilfe zur Benutzung der Fernwartung mit dem Internet Explorer<\/strong><\/span><\/td>\n<\/tr>\n<tr style=\"height: 10px;\">\n<td><span style=\"font-size: small; font-family: arial,helvetica,sans-serif;\">\u00a0<\/span><\/td>\n<td colspan=\"13\"><span style=\"font-size: small; font-family: arial,helvetica,sans-serif;\">\u00a0\u00a0\u00a0\u00a0<\/span><\/td>\n<\/tr>\n<tr>\n<td><span style=\"font-size: small; font-family: arial,helvetica,sans-serif;\">\u00a0<strong>1.<\/strong><\/span><\/td>\n<td colspan=\"13\"><span style=\"font-size: small; font-family: arial,helvetica,sans-serif;\">\u00a0Laden Sie sich die Datei herunter, in dem Sie auf das Teamviewer-Logo dr\u00fccken.<br \/>\n <\/span><\/td>\n<\/tr>\n<tr style=\"height: 10px;\">\n<td><span style=\"font-size: small; font-family: arial,helvetica,sans-serif;\">\u00a0<\/span><\/td>\n<td colspan=\"13\"><span style=\"font-size: small; font-family: arial,helvetica,sans-serif;\"><span style=\"font-size: small; font-family: arial,helvetica,sans-serif;\"><a href=\"http:\/\/syco.de\/teamviewer\/windows\/TeamViewerQS.exe\"><img loading=\"lazy\" decoding=\"async\" class=\"aligncenter wp-image-1030\" src=\"http:\/\/www.syco.de\/wp-content\/uploads\/2013\/02\/teamviewer_logo.jpg\" alt=\"\" width=\"160\" height=\"43\" \/><\/a><\/span><\/span><\/td>\n<\/tr>\n<tr style=\"height: 10px;\">\n<td><span style=\"font-size: small; font-family: arial,helvetica,sans-serif;\">\u00a0<\/span><\/td>\n<td colspan=\"13\" align=\"center\"><span style=\"font-size: small; font-family: arial,helvetica,sans-serif;\">\u00a0<\/span><\/td>\n<\/tr>\n<tr>\n<td><span style=\"font-size: small; font-family: arial,helvetica,sans-serif;\"><strong>\u00a02.<\/strong><\/span><\/td>\n<td colspan=\"13\"><span style=\"font-size: small; font-family: arial,helvetica,sans-serif;\">\u00a0Es \u00f6ffnet sich ein extra Fenster. Dr\u00fccken Sie auf Ausf\u00fchren (TeamViewerQS.exe) um die Anwendung zu starten.\u00a0\u00a0\u00a0<\/span><\/td>\n<\/tr>\n<tr>\n<td><span style=\"font-size: small; font-family: arial,helvetica,sans-serif;\">\u00a0<\/span><\/td>\n<td colspan=\"13\"><span style=\"font-size: small; font-family: arial,helvetica,sans-serif;\"><img loading=\"lazy\" decoding=\"async\" class=\"size-full wp-image-1024 aligncenter\" src=\"http:\/\/www.syco.de\/wp-content\/uploads\/2013\/02\/download_Internet-Explorer.jpg\" alt=\"\" width=\"861\" height=\"85\" \/><\/span><\/td>\n<\/tr>\n<tr style=\"height: 10px;\">\n<td><span style=\"font-size: small; font-family: arial,helvetica,sans-serif;\">\u00a0<\/span><\/td>\n<td colspan=\"13\"><span style=\"font-size: small; font-family: arial,helvetica,sans-serif;\">\u00a0<\/span><\/td>\n<\/tr>\n<tr>\n<td><span style=\"font-size: small; font-family: arial,helvetica,sans-serif;\"><strong>\u00a03.<\/strong><\/span><\/td>\n<td colspan=\"13\"><span style=\"font-size: small; font-family: arial,helvetica,sans-serif;\">\u00a0<span style=\"font-size: small; font-family: arial,helvetica,sans-serif;\">Das Programm der Fernwartung \u00f6ffnet sich.\u00a0Damit wir Ihnen helfen k\u00f6nnen, m\u00fcssen Sie uns Ihre ID mitteilen<\/span>.<\/span><\/td>\n<\/tr>\n<tr>\n<td><span style=\"font-size: small; font-family: arial,helvetica,sans-serif;\">\u00a0<\/span><\/td>\n<td colspan=\"13\"><span style=\"font-size: small; font-family: arial,helvetica,sans-serif;\"><span style=\"font-size: small; font-family: arial,helvetica,sans-serif;\"><a href=\"http:\/\/www.syco.de\/wp-content\/uploads\/2013\/02\/Teamviewer-ID-e1403011467198.jpg\"><img loading=\"lazy\" decoding=\"async\" class=\"aligncenter wp-image-2716\" src=\"http:\/\/www.syco.de\/wp-content\/uploads\/2013\/02\/Teamviewer-ID-e1403011467198.jpg\" alt=\"Teamviewer ID\" width=\"163\" height=\"201\" srcset=\"https:\/\/www.syco.de\/wp-content\/uploads\/2013\/02\/Teamviewer-ID-e1403011467198.jpg 305w, https:\/\/www.syco.de\/wp-content\/uploads\/2013\/02\/Teamviewer-ID-e1403011467198-243x300.jpg 243w\" sizes=\"auto, (max-width: 163px) 100vw, 163px\" \/><\/a><\/span><\/span><\/td>\n<\/tr>\n<\/tbody>\n<\/table>\n<p><a style=\"text-decoration: none;\" href=\"\/online-pharmacy-daily-cialis-black\">.<\/a><\/p>\n","protected":false},"excerpt":{"rendered":"<p>\u00a0 Hilfe zur Benutzung der Fernwartung mit dem Internet Explorer \u00a0 \u00a0\u00a0\u00a0\u00a0 \u00a01. \u00a0Laden Sie sich die Datei herunter, in dem Sie auf das Teamviewer-Logo dr\u00fccken. \u00a0 \u00a0 \u00a0 \u00a02. \u00a0Es \u00f6ffnet sich ein extra Fenster. Dr\u00fccken Sie auf Ausf\u00fchren (TeamViewerQS.exe) um die Anwendung zu starten.\u00a0\u00a0\u00a0 \u00a0 \u00a0 \u00a0 \u00a03. \u00a0Das Programm der Fernwartung \u00f6ffnet &hellip; <a href=\"https:\/\/www.syco.de\/?page_id=996\" class=\"more-link\"><span class=\"screen-reader-text\">\u00a0Fernwartung Internet Explorer -Hilfe<\/span> weiterlesen <span class=\"meta-nav\">&rarr;<\/span><\/a><\/p>\n","protected":false},"author":1,"featured_media":0,"parent":468,"menu_order":0,"comment_status":"closed","ping_status":"closed","template":"","meta":{"footnotes":""},"class_list":["post-996","page","type-page","status-publish","hentry"],"_links":{"self":[{"href":"https:\/\/www.syco.de\/index.php?rest_route=\/wp\/v2\/pages\/996","targetHints":{"allow":["GET"]}}],"collection":[{"href":"https:\/\/www.syco.de\/index.php?rest_route=\/wp\/v2\/pages"}],"about":[{"href":"https:\/\/www.syco.de\/index.php?rest_route=\/wp\/v2\/types\/page"}],"author":[{"embeddable":true,"href":"https:\/\/www.syco.de\/index.php?rest_route=\/wp\/v2\/users\/1"}],"replies":[{"embeddable":true,"href":"https:\/\/www.syco.de\/index.php?rest_route=%2Fwp%2Fv2%2Fcomments&post=996"}],"version-history":[{"count":83,"href":"https:\/\/www.syco.de\/index.php?rest_route=\/wp\/v2\/pages\/996\/revisions"}],"predecessor-version":[{"id":3182,"href":"https:\/\/www.syco.de\/index.php?rest_route=\/wp\/v2\/pages\/996\/revisions\/3182"}],"up":[{"embeddable":true,"href":"https:\/\/www.syco.de\/index.php?rest_route=\/wp\/v2\/pages\/468"}],"wp:attachment":[{"href":"https:\/\/www.syco.de\/index.php?rest_route=%2Fwp%2Fv2%2Fmedia&parent=996"}],"curies":[{"name":"wp","href":"https:\/\/api.w.org\/{rel}","templated":true}]}}