{"id":897,"date":"2012-10-02T17:22:14","date_gmt":"2012-10-02T15:22:14","guid":{"rendered":"http:\/\/www.syco.de\/?page_id=897"},"modified":"2022-02-08T12:07:12","modified_gmt":"2022-02-08T10:07:12","slug":"it-infrastruktur","status":"publish","type":"page","link":"https:\/\/www.syco.de\/?page_id=897","title":{"rendered":"\u00a0Service und Wartung"},"content":{"rendered":"<table class=\" aligncenter\" style=\"width: 100%;\">\n<tbody>\n<tr style=\"height: 24px;\">\n<td style=\"width: 5%;\" rowspan=\"15\"><span style=\"font-size: 10pt; font-family: arial,helvetica,sans-serif;\"><strong><span style=\"color: red;\"><b>\u00a0<\/b><\/span><\/strong><\/span><br \/>\n<span style=\"font-size: 10pt; font-family: arial,helvetica,sans-serif;\">\u00a0<\/span><br \/>\n<span style=\"font-size: 10pt; font-family: arial,helvetica,sans-serif;\">\u00a0<\/span><br \/>\n<span style=\"font-size: 10pt; font-family: arial,helvetica,sans-serif;\"><span style=\"color: red;\"><b>\u00a0<\/b><\/span><\/span><br \/>\n<span style=\"font-family: arial,helvetica,sans-serif; font-size: 10pt;\">\u00a0<\/span><br \/>\n<span style=\"font-size: 10pt; font-family: arial,helvetica,sans-serif;\">\u00a0<\/span><br \/>\n<span style=\"font-size: 10pt; font-family: arial,helvetica,sans-serif;\"><span style=\"color: red;\"><b>\u00a0<\/b><\/span><\/span><br \/>\n<span style=\"font-family: arial,helvetica,sans-serif; font-size: 10pt;\">\u00a0<\/span><br \/>\n<span style=\"font-size: 10pt; font-family: arial,helvetica,sans-serif;\">\u00a0<\/span><br \/>\n<span style=\"font-size: 10pt; font-family: arial,helvetica,sans-serif;\"><span style=\"color: red;\"><b>\u00a0<\/b><\/span><\/span><br \/>\n<span style=\"font-family: arial,helvetica,sans-serif; font-size: 10pt;\">\u00a0<\/span><br \/>\n<span style=\"font-size: 10pt; font-family: arial,helvetica,sans-serif;\">\u00a0<\/span><br \/>\n<span style=\"font-size: 10pt; font-family: arial,helvetica,sans-serif;\"><span style=\"color: red;\"><b>\u00a0<\/b><\/span><\/span><br \/>\n<span style=\"font-size: 10pt; font-family: arial,helvetica,sans-serif;\">\u00a0<\/span><\/td>\n<td style=\"width: 23.5027%; height: 24px;\"><\/td>\n<td style=\"width: 27.2232%; height: 96px;\" rowspan=\"3\"><span style=\"font-size: 10pt; font-family: arial,helvetica,sans-serif;\"><strong><span style=\"color: red;\"><b><img loading=\"lazy\" decoding=\"async\" class=\"size-full wp-image-3312 aligncenter\" src=\"http:\/\/www.syco.de\/wp-content\/uploads\/2016\/11\/terra_image-1.gif\" alt=\"\" width=\"159\" height=\"100\" \/><\/b><\/span><\/strong><\/span><\/td>\n<\/tr>\n<tr style=\"height: 24px;\">\n<td style=\"width: 23.5027%; height: 24px;\"><span style=\"font-size: 10pt; font-family: arial,helvetica,sans-serif;\"><strong><span style=\"color: red;\"><b>V<\/b><\/span><b>or Ort Service<\/b><\/strong><\/span><\/td>\n<\/tr>\n<tr style=\"height: 48px;\">\n<td style=\"width: 23.5027%; height: 48px;\"><span style=\"font-size: 10pt; font-family: arial,helvetica,sans-serif;\">Im Raum M\u00fcnchen beheben wir schnell und zuverl\u00e4ssig Ihre Hardware-, Software- oder Netzwerkst\u00f6rungen.<span class=\"Apple-converted-space\">\u00a0<\/span>Ganz gleich ob es sich um einfache oder komplexere Probleme handelt.<\/span><\/td>\n<\/tr>\n<tr style=\"height: 24px;\">\n<td style=\"width: 23.5027%; height: 24px;\"><span style=\"font-size: 10pt; font-family: arial,helvetica,sans-serif;\">\u00a0<\/span><\/td>\n<td style=\"width: 27.2232%; height: 24px;\"><\/td>\n<\/tr>\n<tr style=\"height: 24px;\">\n<td style=\"width: 23.5027%; height: 24px;\"><span style=\"font-size: 10pt; font-family: arial,helvetica,sans-serif;\"><span style=\"color: red;\"><b>T<\/b><\/span><b>elefonsupport<\/b><\/span><\/td>\n<td style=\"width: 27.2232%; height: 24px;\"><\/td>\n<\/tr>\n<tr style=\"height: 48px;\">\n<td style=\"width: 23.5027%; height: 48px;\"><span style=\"font-family: arial,helvetica,sans-serif; font-size: 10pt;\">Wir bieten Ihnen einen umfassenden Telefonsupport. Fragen und Probleme werden schnell und professionell gel\u00f6st.<\/span><\/td>\n<td style=\"width: 27.2232%; height: 96px;\" rowspan=\"3\">\u00a0\u00a0\u00a0<img loading=\"lazy\" decoding=\"async\" class=\"wp-image-2727 aligncenter\" src=\"http:\/\/www.syco.de\/wp-content\/uploads\/2012\/10\/securepoint.jpg\" alt=\"securepoint\" width=\"200\" height=\"57\" srcset=\"https:\/\/www.syco.de\/wp-content\/uploads\/2012\/10\/securepoint.jpg 350w, https:\/\/www.syco.de\/wp-content\/uploads\/2012\/10\/securepoint-300x85.jpg 300w\" sizes=\"auto, (max-width: 200px) 100vw, 200px\" \/><\/td>\n<\/tr>\n<tr style=\"height: 24px;\">\n<td style=\"width: 23.5027%; height: 24px;\"><span style=\"font-size: 10pt; font-family: arial,helvetica,sans-serif;\">\u00a0<\/span><\/td>\n<\/tr>\n<tr style=\"height: 24px;\">\n<td style=\"width: 23.5027%; height: 24px;\"><span style=\"font-size: 10pt; font-family: arial,helvetica,sans-serif;\"><span style=\"color: red;\"><b>E<\/b><\/span><b>igene Technik<\/b><\/span><\/td>\n<\/tr>\n<tr style=\"height: 24px;\">\n<td style=\"width: 23.5027%; height: 24px;\"><span style=\"font-family: arial,helvetica,sans-serif; font-size: 10pt;\">In unserer &#8222;Ambulanz&#8220; k\u00f6nnen viele Reparaturen sofort erledigt werden.<\/span><\/td>\n<td style=\"width: 27.2232%; height: 24px;\"><\/td>\n<\/tr>\n<tr style=\"height: 24px;\">\n<td style=\"width: 23.5027%; height: 24px;\"><span style=\"font-size: 10pt; font-family: arial,helvetica,sans-serif;\">\u00a0<\/span><\/td>\n<td style=\"width: 27.2232%; height: 24px;\"><\/td>\n<\/tr>\n<tr style=\"height: 24px;\">\n<td style=\"width: 23.5027%; height: 24px;\"><span style=\"font-size: 10pt; font-family: arial,helvetica,sans-serif;\"><span style=\"color: red;\"><b>F<\/b><\/span><b>ernwartung<\/b><\/span><\/td>\n<td style=\"width: 27.2232%; height: 48px;\" rowspan=\"2\">\u00a0\u00a0<img loading=\"lazy\" decoding=\"async\" class=\"wp-image-3872 size-full aligncenter\" src=\"http:\/\/www.syco.de\/wp-content\/uploads\/2020\/10\/anydesk-e1603710853219.jpg\" alt=\"\" width=\"200\" height=\"113\" \/><\/td>\n<\/tr>\n<tr style=\"height: 24px;\">\n<td style=\"width: 23.5027%; height: 24px;\"><span style=\"font-family: arial,helvetica,sans-serif; font-size: 10pt;\">Viele\u00a0St\u00f6rungen oder Probleme\u00a0k\u00f6nnen wir direkt \u00fcber Fernwartung\u00a0an ihrem PC beheben. <\/span><\/td>\n<\/tr>\n<tr style=\"height: 24px;\">\n<td style=\"width: 23.5027%; height: 24px;\"><span style=\"font-size: 10pt; font-family: arial,helvetica,sans-serif;\">\u00a0<\/span><\/td>\n<td style=\"width: 27.2232%; height: 24px;\"><\/td>\n<\/tr>\n<tr style=\"height: 24px;\">\n<td style=\"width: 23.5027%; height: 24px;\"><span style=\"font-size: 10pt; font-family: arial,helvetica,sans-serif;\"><span style=\"color: red;\"><b>B<\/b><\/span><b>etreuungsvertrag<\/b><\/span><\/td>\n<td style=\"width: 27.2232%; height: 24px;\"><\/td>\n<\/tr>\n<tr style=\"height: 72px;\">\n<td style=\"width: 23.5027%; height: 72px;\"><span style=\"font-size: 10pt; font-family: arial,helvetica,sans-serif;\">Durch individuell abgestimmte Betreuungsvertr\u00e4ge erhalten Sie optimale Sicherheit und Service.<span class=\"Apple-converted-space\">\u00a0<\/span>Wir garantieren Reaktionszeiten und Rabatte auf alle <strong>SYCO<\/strong> Leistungen.<span class=\"Apple-converted-space\">\u00a0<\/span>Eine kosteng\u00fcnstige M\u00f6glichkeit f\u00fcr die Wartung, Instandhaltung und Betreuung Ihrer EDV-Anlagen.<\/span><\/td>\n<td style=\"width: 27.2232%; height: 72px;\">\n<table style=\"width: 20.4286%; border-collapse: collapse;\" border=\"0\">\n<tbody>\n<tr>\n<td style=\"width: 17.5px;\"><img loading=\"lazy\" decoding=\"async\" class=\"alignnone wp-image-3563\" src=\"http:\/\/www.syco.de\/wp-content\/uploads\/2018\/06\/notebook_rot-1.gif\" alt=\"\" width=\"70\" height=\"70\" \/><\/td>\n<td style=\"width: 17.5px;\"><img loading=\"lazy\" decoding=\"async\" class=\"alignnone wp-image-3560\" src=\"http:\/\/www.syco.de\/wp-content\/uploads\/2018\/06\/notebook_gelb.gif\" alt=\"\" width=\"70\" height=\"70\" \/><\/td>\n<td style=\"width: 17.5px;\"><img loading=\"lazy\" decoding=\"async\" class=\"alignnone wp-image-3562\" src=\"http:\/\/www.syco.de\/wp-content\/uploads\/2018\/06\/notebook_lila.gif\" alt=\"\" width=\"70\" height=\"70\" \/><\/td>\n<\/tr>\n<\/tbody>\n<\/table>\n<\/td>\n<\/tr>\n<\/tbody>\n<\/table>\n<p style=\"text-align: center;\"><span style=\"font-size: 10pt; font-family: arial,helvetica,sans-serif;\">\u00a0<\/span><\/p>\n","protected":false},"excerpt":{"rendered":"<p>\u00a0 \u00a0 \u00a0 \u00a0 \u00a0 \u00a0 \u00a0 \u00a0 \u00a0 \u00a0 \u00a0 \u00a0 \u00a0 \u00a0 Vor Ort Service Im Raum M\u00fcnchen beheben wir schnell und zuverl\u00e4ssig Ihre Hardware-, Software- oder Netzwerkst\u00f6rungen.\u00a0Ganz gleich ob es sich um einfache oder komplexere Probleme handelt. \u00a0 Telefonsupport Wir bieten Ihnen einen umfassenden Telefonsupport. Fragen und Probleme werden schnell und professionell &hellip; <a href=\"https:\/\/www.syco.de\/?page_id=897\" class=\"more-link\"><span class=\"screen-reader-text\">\u00a0Service und Wartung<\/span> weiterlesen <span class=\"meta-nav\">&rarr;<\/span><\/a><\/p>\n","protected":false},"author":1,"featured_media":0,"parent":357,"menu_order":0,"comment_status":"closed","ping_status":"closed","template":"","meta":{"footnotes":""},"class_list":["post-897","page","type-page","status-publish","hentry"],"_links":{"self":[{"href":"https:\/\/www.syco.de\/index.php?rest_route=\/wp\/v2\/pages\/897","targetHints":{"allow":["GET"]}}],"collection":[{"href":"https:\/\/www.syco.de\/index.php?rest_route=\/wp\/v2\/pages"}],"about":[{"href":"https:\/\/www.syco.de\/index.php?rest_route=\/wp\/v2\/types\/page"}],"author":[{"embeddable":true,"href":"https:\/\/www.syco.de\/index.php?rest_route=\/wp\/v2\/users\/1"}],"replies":[{"embeddable":true,"href":"https:\/\/www.syco.de\/index.php?rest_route=%2Fwp%2Fv2%2Fcomments&post=897"}],"version-history":[{"count":61,"href":"https:\/\/www.syco.de\/index.php?rest_route=\/wp\/v2\/pages\/897\/revisions"}],"predecessor-version":[{"id":3910,"href":"https:\/\/www.syco.de\/index.php?rest_route=\/wp\/v2\/pages\/897\/revisions\/3910"}],"up":[{"embeddable":true,"href":"https:\/\/www.syco.de\/index.php?rest_route=\/wp\/v2\/pages\/357"}],"wp:attachment":[{"href":"https:\/\/www.syco.de\/index.php?rest_route=%2Fwp%2Fv2%2Fmedia&parent=897"}],"curies":[{"name":"wp","href":"https:\/\/api.w.org\/{rel}","templated":true}]}}