{"id":895,"date":"2012-10-02T17:21:47","date_gmt":"2012-10-02T15:21:47","guid":{"rendered":"http:\/\/www.syco.de\/?page_id=895"},"modified":"2019-07-31T17:27:59","modified_gmt":"2019-07-31T15:27:59","slug":"it-sicherheit","status":"publish","type":"page","link":"https:\/\/www.syco.de\/?page_id=895","title":{"rendered":"\u00a0Automatisieren Sie Ihre IT-Security"},"content":{"rendered":"<table class=\" aligncenter\" style=\"width: 95%;\" border=\"0\" cellspacing=\"5\" cellpadding=\"0\" align=\"center\">\n<tbody>\n<tr>\n<td style=\"width: 5%;\"><span style=\"font-size: small; font-family: arial,helvetica,sans-serif;\">\u00a0<\/span><\/td>\n<td><span style=\"font-size: small; font-family: arial,helvetica,sans-serif;\">\u00a0<\/span><\/td>\n<\/tr>\n<tr style=\"height: 42px;\">\n<td style=\"width: 5%; height: 42px;\" width=\"10\"><span style=\"font-size: small; font-family: arial,helvetica,sans-serif;\">\u00a0<\/span><\/td>\n<td style=\"height: 42px;\"><span style=\"font-size: small; font-family: arial,helvetica,sans-serif;\">Die professionelle Nutzung des Internets ist f\u00fcr den gewerblichen Mittelstand mittlerweile unverzichtbar.<\/span><\/td>\n<\/tr>\n<tr style=\"height: 22px;\">\n<td style=\"width: 5%; height: 22px;\" width=\"10\"><span style=\"font-size: small; font-family: arial,helvetica,sans-serif;\">\u00a0<\/span><\/td>\n<td style=\"height: 22px;\"><span style=\"font-size: small; font-family: arial,helvetica,sans-serif;\">Aber es gibt Risiken:<\/span><\/td>\n<\/tr>\n<tr style=\"height: 42px;\">\n<td style=\"height: 42px;\" width=\"10\"><span style=\"font-size: small; font-family: arial,helvetica,sans-serif;\">\u00a0<\/span><\/td>\n<td style=\"height: 42px;\"><span style=\"font-size: small; font-family: arial,helvetica,sans-serif;\">Je intensiver die Internetnutzung im Unternehmen, umso eher ger\u00e4t der einzelne Arbeitsplatz in den Focus von Hackern und Viren-Autoren.<\/span><\/td>\n<\/tr>\n<tr>\n<td><span style=\"font-size: small; font-family: arial,helvetica,sans-serif;\">\u00a0<\/span><\/td>\n<td><span style=\"font-size: small; font-family: arial,helvetica,sans-serif;\"><img loading=\"lazy\" decoding=\"async\" class=\"wp-image-2775 aligncenter\" src=\"http:\/\/www.syco.de\/wp-content\/uploads\/2012\/09\/securepoint.jpg\" alt=\"securepoint\" width=\"175\" height=\"50\" srcset=\"https:\/\/www.syco.de\/wp-content\/uploads\/2012\/09\/securepoint.jpg 350w, https:\/\/www.syco.de\/wp-content\/uploads\/2012\/09\/securepoint-300x85.jpg 300w\" sizes=\"auto, (max-width: 175px) 100vw, 175px\" \/><\/span><\/td>\n<\/tr>\n<tr style=\"height: 22px;\">\n<td style=\"height: 22px;\" width=\"10\"><span style=\"font-size: small; font-family: arial,helvetica,sans-serif;\">\u00a0<\/span><\/td>\n<td style=\"height: 22px;\"><span style=\"font-size: small; font-family: arial,helvetica,sans-serif;\"><strong>Schutz muss nicht teuer sein &#8211; <\/strong><strong>Schaden ist es ganz sicher.<\/strong><\/span><\/td>\n<\/tr>\n<tr style=\"height: 42px;\">\n<td style=\"height: 42px;\" width=\"10\"><span style=\"font-size: small; font-family: arial,helvetica,sans-serif;\">\u00a0<\/span><\/td>\n<td style=\"height: 42px;\"><span style=\"font-size: small; font-family: arial,helvetica,sans-serif;\">Wir bieten automatisierte IT-Security-L\u00f6sungen f\u00fcr den gewerblichen Mittelstand.<\/span><span style=\"font-size: small; font-family: arial,helvetica,sans-serif;\">\u00a0<\/span><span style=\"font-size: small; font-family: arial,helvetica,sans-serif;\">Mit folgenden Komponenten:<\/span><\/td>\n<\/tr>\n<tr style=\"height: 144px;\">\n<td style=\"height: 144px;\" width=\"10\"><span style=\"font-size: small; font-family: arial,helvetica,sans-serif;\">\u00a0<\/span><\/td>\n<td style=\"height: 144px;\">\n<table border=\"0\" cellspacing=\"5\" cellpadding=\"0\">\n<tbody>\n<tr>\n<td valign=\"top\" width=\"15\" height=\"15\"><span style=\"font-size: small; font-family: arial,helvetica,sans-serif;\"><img loading=\"lazy\" decoding=\"async\" src=\"http:\/\/www.syco.de\/wp-content\/uploads\/2012\/09\/sycologo15_15.gif\" alt=\"sycologo15_15\" width=\"15\" height=\"15\" \/><\/span><\/td>\n<td height=\"15\"><span style=\"font-size: small; font-family: arial,helvetica,sans-serif;\">VPN-L\u00f6sungen f\u00fcr einen gesicherten, externen Zugang ins Firmennetz<\/span><\/td>\n<\/tr>\n<tr>\n<td valign=\"top\" width=\"15\"><span style=\"font-size: small; font-family: arial,helvetica,sans-serif;\"><img loading=\"lazy\" decoding=\"async\" src=\"http:\/\/www.syco.de\/wp-content\/uploads\/2012\/09\/sycologo15_15.gif\" alt=\"sycologo15_15\" width=\"15\" height=\"15\" \/><\/span><\/td>\n<td><span style=\"font-size: small; font-family: arial,helvetica,sans-serif;\">Firewall-Konzepte zum Schutz vor Eindringlingen<\/span><\/td>\n<\/tr>\n<tr>\n<td valign=\"top\" width=\"15\"><span style=\"font-size: small; font-family: arial,helvetica,sans-serif;\"><img loading=\"lazy\" decoding=\"async\" src=\"http:\/\/www.syco.de\/wp-content\/uploads\/2012\/09\/sycologo15_15.gif\" alt=\"sycologo15_15\" width=\"15\" height=\"15\" \/><\/span><\/td>\n<td><span style=\"font-size: small; font-family: arial,helvetica,sans-serif;\">Spam-Filtering zur Verhinderung unerw\u00fcnschter E-Mail-Werbung<\/span><\/td>\n<\/tr>\n<tr>\n<td valign=\"top\" width=\"15\"><span style=\"font-size: small; font-family: arial,helvetica,sans-serif;\"><img loading=\"lazy\" decoding=\"async\" src=\"http:\/\/www.syco.de\/wp-content\/uploads\/2012\/09\/sycologo15_15.gif\" alt=\"sycologo15_15\" width=\"15\" height=\"15\" \/><\/span><\/td>\n<td><span style=\"font-size: small; font-family: arial,helvetica,sans-serif;\">Content-Filtering gegen die Nutzung verbotener Web-Inhalte<\/span><\/td>\n<\/tr>\n<tr>\n<td valign=\"top\" width=\"15\"><span style=\"font-size: small; font-family: arial,helvetica,sans-serif;\"><img loading=\"lazy\" decoding=\"async\" src=\"http:\/\/www.syco.de\/wp-content\/uploads\/2012\/09\/sycologo15_15.gif\" alt=\"sycologo15_15\" width=\"15\" height=\"15\" \/><\/span><\/td>\n<td><span style=\"font-size: small; font-family: arial,helvetica,sans-serif;\">Permanentes und automatisiertes Online-Update des Virenschutzes<\/span><\/td>\n<\/tr>\n<\/tbody>\n<\/table>\n<\/td>\n<\/tr>\n<tr style=\"height: 22px;\">\n<td style=\"height: 22px;\" width=\"10\"><span style=\"font-size: small; font-family: arial,helvetica,sans-serif;\">\u00a0<\/span><\/td>\n<td style=\"height: 22px;\"><span style=\"font-size: small; font-family: arial,helvetica,sans-serif;\">Alle IT-Security Komponenten werden automatisiert durch Online Managed Services.<\/span><\/td>\n<\/tr>\n<tr style=\"height: 42px;\">\n<td style=\"height: 42px;\" width=\"10\"><span style=\"font-size: small; font-family: arial,helvetica,sans-serif;\">\u00a0<\/span><\/td>\n<td style=\"height: 42px;\"><span style=\"font-size: small; font-family: arial,helvetica,sans-serif;\">Mit den Online Managed Services sorgen wir in Ihrer N\u00e4he f\u00fcr permanente Schwachstellenanalyse und regelm\u00e4\u00dfiges Security-Reporting.<br \/>\n<\/span><\/td>\n<\/tr>\n<tr style=\"height: 22px;\">\n<td style=\"height: 22px;\" width=\"10\"><span style=\"font-size: small; font-family: arial,helvetica,sans-serif;\">\u00a0<\/span><\/td>\n<td style=\"height: 22px;\"><span style=\"font-size: small; font-family: arial,helvetica,sans-serif;\">\u00a0<\/span><\/td>\n<\/tr>\n<tr style=\"height: 55px;\">\n<td style=\"height: 55px;\" width=\"10\"><span style=\"font-size: small; font-family: arial,helvetica,sans-serif;\">\u00a0<\/span><\/td>\n<td style=\"height: 55px;\"><span style=\"font-size: small; font-family: arial,helvetica,sans-serif;\"><img loading=\"lazy\" decoding=\"async\" class=\"wp-image-2216 aligncenter\" src=\"http:\/\/www.syco.de\/wp-content\/uploads\/2013\/09\/Server-Eye_Logo.jpg\" alt=\"\" width=\"170\" height=\"47\" \/><\/span><\/td>\n<\/tr>\n<tr style=\"height: 25px;\">\n<td style=\"height: 25px;\" width=\"10\"><span style=\"font-size: small; font-family: arial,helvetica,sans-serif;\">\u00a0<\/span><\/td>\n<td style=\"height: 25px;\"><span style=\"font-size: small; font-family: arial,helvetica,sans-serif;\"><strong>Server Eye<\/strong><\/span><\/td>\n<\/tr>\n<tr style=\"height: 85px;\">\n<td style=\"height: 85px;\" width=\"10\"><span style=\"font-size: small; font-family: arial,helvetica,sans-serif;\">\u00a0<\/span><\/td>\n<td style=\"height: 85px;\"><span style=\"font-size: small; font-family: arial,helvetica,sans-serif;\">Das Online Control Center (OCC)\u00a0ist die zentrale Steuerungsoberfl\u00e4che von Server-Eye.<\/span><span style=\"font-size: small; font-family: arial,helvetica,sans-serif;\">Alle Sensoren\u00a0werden hier angelegt und konfiguriert, hier laufen auch alle Messwerte zusammen und werden ausgewertet.<\/span><br \/>\n<span style=\"font-family: arial,helvetica,sans-serif;\"><span style=\"font-size: large;\"><span style=\"font-size: small;\">Messwerte k\u00f6nnen dabei jederzeit grafisch und tabellarisch angezeigt werde<\/span><\/span><span style=\"font-size: small;\">n<\/span><\/span><\/td>\n<\/tr>\n<tr style=\"height: 22px;\">\n<td style=\"height: 22px;\" width=\"10\"><\/td>\n<td style=\"height: 22px;\"><\/td>\n<\/tr>\n<tr style=\"height: 162px;\">\n<td style=\"height: 162px;\" width=\"10\"><span style=\"font-size: small; font-family: arial,helvetica,sans-serif;\">\u00a0<\/span><\/td>\n<td style=\"height: 162px;\">\n<table style=\"width: 85.6176%; height: 97px;\" border=\"0\">\n<tbody>\n<tr>\n<td style=\"width: 3.95257%;\"><span style=\"font-size: small; font-family: arial,helvetica,sans-serif;\"><a href=\"http:\/\/www.syco.de\/wp-content\/uploads\/2012\/09\/sycologo15_15.gif\"><img loading=\"lazy\" decoding=\"async\" src=\"http:\/\/www.syco.de\/wp-content\/uploads\/2012\/09\/sycologo15_15.gif\" alt=\"sycologo15_15\" width=\"15\" height=\"15\" \/><\/a><\/span><\/td>\n<td style=\"width: 94.4664%;\"><span style=\"font-size: small; font-family: arial,helvetica,sans-serif;\">bietet Systemmonitoring ohne aufw\u00e4ndige Installation<\/span><\/td>\n<\/tr>\n<tr>\n<td style=\"width: 3.95257%;\"><span style=\"font-size: small; font-family: arial,helvetica,sans-serif;\"><a href=\"http:\/\/www.syco.de\/wp-content\/uploads\/2012\/09\/sycologo15_15.gif\"><img loading=\"lazy\" decoding=\"async\" src=\"http:\/\/www.syco.de\/wp-content\/uploads\/2012\/09\/sycologo15_15.gif\" alt=\"sycologo15_15\" width=\"15\" height=\"15\" \/><\/a><\/span><\/td>\n<td style=\"width: 94.4664%;\"><span style=\"font-size: small; font-family: arial,helvetica,sans-serif;\">\u00fcberwacht Ihre Systeme und Ger\u00e4te 24 Stunden am Tag, 7 Tage die Woche<\/span><\/td>\n<\/tr>\n<tr>\n<td style=\"width: 3.95257%;\"><span style=\"font-size: small; font-family: arial,helvetica,sans-serif;\"><a href=\"http:\/\/www.syco.de\/wp-content\/uploads\/2012\/09\/sycologo15_15.gif\"><img loading=\"lazy\" decoding=\"async\" src=\"http:\/\/www.syco.de\/wp-content\/uploads\/2012\/09\/sycologo15_15.gif\" alt=\"sycologo15_15\" width=\"15\" height=\"15\" \/><\/a><\/span><\/td>\n<td style=\"width: 94.4664%;\"><span style=\"font-size: small; font-family: arial,helvetica,sans-serif;\">alamiert in Echtzeit \u00fcber auftretende Fehler und Probleme<\/span><\/td>\n<\/tr>\n<tr>\n<td style=\"width: 3.95257%;\"><span style=\"font-size: small; font-family: arial,helvetica,sans-serif;\"><a href=\"http:\/\/www.syco.de\/wp-content\/uploads\/2012\/09\/sycologo15_15.gif\"><img loading=\"lazy\" decoding=\"async\" src=\"http:\/\/www.syco.de\/wp-content\/uploads\/2012\/09\/sycologo15_15.gif\" alt=\"sycologo15_15\" width=\"15\" height=\"15\" \/><\/a><\/span><\/td>\n<td style=\"width: 94.4664%;\"><span style=\"font-size: small; font-family: arial,helvetica,sans-serif;\">wird auf vorhandener Hardware installiert<\/span><\/td>\n<\/tr>\n<tr>\n<td style=\"width: 3.95257%;\"><span style=\"font-size: small; font-family: arial,helvetica,sans-serif;\"><a href=\"http:\/\/www.syco.de\/wp-content\/uploads\/2012\/09\/sycologo15_15.gif\"><img loading=\"lazy\" decoding=\"async\" src=\"http:\/\/www.syco.de\/wp-content\/uploads\/2012\/09\/sycologo15_15.gif\" alt=\"sycologo15_15\" width=\"15\" height=\"15\" \/><\/a><\/span><\/td>\n<td style=\"width: 94.4664%;\"><span style=\"font-size: small; font-family: arial,helvetica,sans-serif;\">Installationsaufwand unter 5 Minuten<\/span><\/td>\n<\/tr>\n<tr>\n<td style=\"width: 3.95257%;\"><span style=\"font-size: small; font-family: arial,helvetica,sans-serif;\"><a href=\"http:\/\/www.syco.de\/wp-content\/uploads\/2012\/09\/sycologo15_15.gif\"><img loading=\"lazy\" decoding=\"async\" src=\"http:\/\/www.syco.de\/wp-content\/uploads\/2012\/09\/sycologo15_15.gif\" alt=\"sycologo15_15\" width=\"15\" height=\"15\" \/><\/a><\/span><\/td>\n<td style=\"width: 94.4664%;\"><span style=\"font-size: small; font-family: arial,helvetica,sans-serif;\">ben\u00f6tigt nur sehr wenig Ressourcen<\/span><\/td>\n<\/tr>\n<\/tbody>\n<\/table>\n<\/td>\n<\/tr>\n<tr style=\"height: 22px;\">\n<td style=\"height: 22px;\" width=\"10\"><\/td>\n<td style=\"height: 22px;\"><\/td>\n<\/tr>\n<\/tbody>\n<\/table>\n<p><span style=\"font-size: small; font-family: arial,helvetica,sans-serif;\">\u00a0<\/span><\/p>\n","protected":false},"excerpt":{"rendered":"<p>\u00a0 \u00a0 \u00a0 Die professionelle Nutzung des Internets ist f\u00fcr den gewerblichen Mittelstand mittlerweile unverzichtbar. \u00a0 Aber es gibt Risiken: \u00a0 Je intensiver die Internetnutzung im Unternehmen, umso eher ger\u00e4t der einzelne Arbeitsplatz in den Focus von Hackern und Viren-Autoren. \u00a0 \u00a0 Schutz muss nicht teuer sein &#8211; Schaden ist es ganz sicher. \u00a0 Wir &hellip; <a href=\"https:\/\/www.syco.de\/?page_id=895\" class=\"more-link\"><span class=\"screen-reader-text\">\u00a0Automatisieren Sie Ihre IT-Security<\/span> weiterlesen <span class=\"meta-nav\">&rarr;<\/span><\/a><\/p>\n","protected":false},"author":1,"featured_media":0,"parent":357,"menu_order":0,"comment_status":"closed","ping_status":"closed","template":"one_column_page.php","meta":{"footnotes":""},"class_list":["post-895","page","type-page","status-publish","hentry"],"_links":{"self":[{"href":"https:\/\/www.syco.de\/index.php?rest_route=\/wp\/v2\/pages\/895","targetHints":{"allow":["GET"]}}],"collection":[{"href":"https:\/\/www.syco.de\/index.php?rest_route=\/wp\/v2\/pages"}],"about":[{"href":"https:\/\/www.syco.de\/index.php?rest_route=\/wp\/v2\/types\/page"}],"author":[{"embeddable":true,"href":"https:\/\/www.syco.de\/index.php?rest_route=\/wp\/v2\/users\/1"}],"replies":[{"embeddable":true,"href":"https:\/\/www.syco.de\/index.php?rest_route=%2Fwp%2Fv2%2Fcomments&post=895"}],"version-history":[{"count":31,"href":"https:\/\/www.syco.de\/index.php?rest_route=\/wp\/v2\/pages\/895\/revisions"}],"predecessor-version":[{"id":3771,"href":"https:\/\/www.syco.de\/index.php?rest_route=\/wp\/v2\/pages\/895\/revisions\/3771"}],"up":[{"embeddable":true,"href":"https:\/\/www.syco.de\/index.php?rest_route=\/wp\/v2\/pages\/357"}],"wp:attachment":[{"href":"https:\/\/www.syco.de\/index.php?rest_route=%2Fwp%2Fv2%2Fmedia&parent=895"}],"curies":[{"name":"wp","href":"https:\/\/api.w.org\/{rel}","templated":true}]}}