{"id":857,"date":"2012-10-02T17:06:56","date_gmt":"2012-10-02T15:06:56","guid":{"rendered":"http:\/\/www.syco.de\/?page_id=857"},"modified":"2019-07-31T17:16:21","modified_gmt":"2019-07-31T15:16:21","slug":"cobra","status":"publish","type":"page","link":"https:\/\/www.syco.de\/?page_id=857","title":{"rendered":"Kundenmanagement \u00b7 cobra"},"content":{"rendered":"<\/p>\n<table style=\"width: 100.098%;\" border=\"0\">\n<tbody>\n<tr style=\"height: 87px;\">\n<td style=\"width: 5%;\">\n<p><span style=\"font-family: arial,helvetica,sans-serif; font-size: small;\"><span style=\"color: #ff0000; font-family: arial,helvetica,sans-serif; font-size: small;\"><strong>\u00a0<\/strong><\/span><\/span><\/p>\n<\/td>\n<td style=\"height: 87px;\" colspan=\"2\">\n<p><span style=\"font-family: arial,helvetica,sans-serif; font-size: small;\"><span style=\"color: #ff0000; font-family: arial,helvetica,sans-serif; font-size: small;\"><strong><img loading=\"lazy\" decoding=\"async\" class=\"alignnone wp-image-3342 size-medium\" src=\"http:\/\/www.syco.de\/wp-content\/uploads\/2012\/10\/adress_schrift-300x25.gif\" width=\"300\" height=\"25\" \/><\/strong><\/span><\/span><\/p>\n<\/td>\n<\/tr>\n<tr style=\"height: 72px;\">\n<td style=\"width: 803px;\"><\/td>\n<td style=\"width: 3px; height: 72px;\"><\/td>\n<td style=\"width: 799px; height: 72px;\"><span style=\"font-family: arial,helvetica,sans-serif; font-size: small;\">Adressen hegen &#8211; Beziehungen pflegen<\/span><br \/>\n<span style=\"font-family: arial,helvetica,sans-serif; font-size: small;\">cobra Adress PLUS ist die bedienerfreundliche Software-L\u00f6sung f\u00fcr kleinere und mittlere Unternehmen, die Wert auf komfortables Adress- und Kontaktmanagement legen.<\/span><\/td>\n<\/tr>\n<tr style=\"height: 72px;\">\n<td style=\"width: 803px;\"><\/td>\n<td style=\"width: 3px; height: 72px;\"><\/td>\n<td style=\"width: 799px; height: 72px;\">\n<table>\n<tbody>\n<tr style=\"height: 120.22px;\">\n<td style=\"width: 618.15px; height: 120.22px;\"><span style=\"font-family: arial,helvetica,sans-serif; font-size: small;\">Highlights auf einen Blick<\/span><\/p>\n<ul>\n<li><span style=\"font-family: arial,helvetica,sans-serif; font-size: small;\">Optimales Preis-Leistungsverh\u00e4ltnis<\/span><\/li>\n<li><span style=\"font-family: arial,helvetica,sans-serif; font-size: small;\">Sofort startklar durch zahlreiche integrierte Standards und Vorlagen<\/span><\/li>\n<li><span style=\"font-family: arial,helvetica,sans-serif; font-size: small;\">Schnelle Entlastung durch intuitive Bedienung und zeitsparende Funktionen<\/span><\/li>\n<li><span style=\"font-family: arial,helvetica,sans-serif; font-size: small;\">Flexibel und einfach auf Ihre W\u00fcnsche anpassbar<\/span><\/li>\n<li><span style=\"font-family: arial,helvetica,sans-serif; font-size: small;\"><span style=\"font-family: arial,helvetica,sans-serif; font-size: small;\">Funktionen, die sich schnell auszahlen<\/span><\/span><\/li>\n<\/ul>\n<\/td>\n<td style=\"width: 150px; vertical-align: middle;\"><a href=\"http:\/\/adress-plus.cobra.de\/\" target=\"_blank\" rel=\"noopener noreferrer\"><img loading=\"lazy\" decoding=\"async\" class=\"alignnone wp-image-3340 size-full\" src=\"http:\/\/www.syco.de\/wp-content\/uploads\/2012\/10\/adress_pack1.gif\" width=\"100\" height=\"133\" \/><\/a><\/td>\n<td style=\"width: 80px;\"><\/td>\n<\/tr>\n<\/tbody>\n<\/table>\n<\/td>\n<\/tr>\n<tr style=\"height: 24.4px;\">\n<td style=\"width: 803px;\"><\/td>\n<td style=\"width: 3px; height: 24px;\"><\/td>\n<td style=\"width: 799px; height: 24px;\">\n<ul>\n<li><span style=\"font-family: arial,helvetica,sans-serif; font-size: small;\">Adressen anlegen, pflegen, suchen, selektieren und kontaktieren? Das sind die Kernkompetenzen von cobra Adress PLUS<\/span><\/li>\n<li><span style=\"color: #000000; font-family: arial,helvetica,sans-serif; font-size: small;\">Einzel- und Serienbriefe, Newsletter, Listen, Weihnachtskarten und mehr: Mit wenigen Klicks selektieren Sie in cobra Ihre Daten und geben personalisierte Dokumente effizient und schnell aus.<\/span><\/li>\n<li><span style=\"color: #000000;\"><span style=\"font-family: arial,helvetica,sans-serif; font-size: small;\">E<\/span><span style=\"font-family: arial,helvetica,sans-serif; font-size: small;\">ine Kontakthistorie mit allen ein- und ausgehenden Telefonaten, Briefen, Gespr\u00e4chen oder E-Mails stellt im gesamten Team aktuelle Informationen sicher &#8211; die Basis f\u00fcr guten Service und zielgerichteten Vertrieb.\u00a0<\/span><\/span><\/li>\n<\/ul>\n<p><span style=\"color: #000000;\"><span style=\"font-family: arial,helvetica,sans-serif; font-size: small;\">\u00a0<\/span><\/span><span style=\"color: #000000;\"><span style=\"font-family: arial,helvetica,sans-serif; font-size: small;\">\u00a0<\/span><\/span><span style=\"color: #000000;\"><span style=\"font-family: arial,helvetica,sans-serif; font-size: small;\"><br \/>\n<\/span><\/span><span style=\"font-family: arial,helvetica,sans-serif; font-size: 10pt;\"><a href=\"http:\/\/www.syco.de\/wp-content\/uploads\/2012\/10\/cobra_Adress_PLUS.pdf\" target=\"_blank\" rel=\"noopener noreferrer\">Programmvorstellung cobra Adress PLUS<\/a><\/span><\/p>\n<\/td>\n<\/tr>\n<tr style=\"height: 24px;\">\n<td style=\"width: 803px;\"><\/td>\n<td style=\"height: 24px; width: 802px;\" colspan=\"2\"><img loading=\"lazy\" decoding=\"async\" class=\"alignnone size-medium wp-image-3359\" src=\"http:\/\/www.syco.de\/wp-content\/uploads\/2016\/11\/mobile_crm_schrift-300x40.gif\" alt=\"mobile_crm_schrift\" width=\"300\" height=\"40\" \/><\/td>\n<\/tr>\n<tr style=\"height: 24px;\">\n<td style=\"width: 803px;\"><\/td>\n<td style=\"width: 3px; height: 24px;\"><\/td>\n<td style=\"width: 799px; height: 24px;\"><span style=\"color: #000000; font-family: arial,helvetica,sans-serif; font-size: small;\"><span style=\"font-family: arial,helvetica,sans-serif; font-size: small;\">Mit cobra Mobile CRM greifen Sie per Apple iPhone, ipad oder Blackberry direkt auf Ihre Kunden- und Vertriebsinformationen in cobra zu. Ihre Kommunikation wir einfacher, schneller und effizienter<\/span><\/span><\/td>\n<\/tr>\n<tr style=\"height: 24px;\">\n<td style=\"width: 803px;\"><\/td>\n<td style=\"width: 3px; height: 24px;\"><\/td>\n<td style=\"width: 799px; height: 24px;\">\n<table>\n<tbody>\n<tr>\n<td>\n<p><span style=\"font-family: arial,helvetica,sans-serif; font-size: small;\"><span style=\"color: #000000; font-family: arial,helvetica,sans-serif; font-size: small;\"><span style=\"font-family: arial,helvetica,sans-serif; font-size: small;\"><span style=\"font-family: arial,helvetica,sans-serif; font-size: small;\"><span style=\"font-family: arial,helvetica,sans-serif; font-size: small;\">Den Kunden in der Tasche &#8230;.<\/span><\/span><\/span><\/span><\/span><\/p>\n<ul>\n<li><span style=\"font-family: arial,helvetica,sans-serif; font-size: small;\">Adressdaten, Kontakthistorie, Stichw\u00f6rter, Zusatzdaten und Vertriebsprojekte.<\/span><\/li>\n<li><span style=\"font-family: arial,helvetica,sans-serif; font-size: small;\">Alle relevanten Informationen aus cobra stehen mobil zur Verf\u00fcgung<\/span><\/li>\n<li><span style=\"font-family: arial,helvetica,sans-serif; font-size: small;\">Informationen und Besuchsberichte, z.B. Reparatur- oder Wartungsarbeiten werden mit dem Backoffice und der Zentrale sofort ausgetauscht.<\/span><\/li>\n<\/ul>\n<p><span style=\"font-family: arial,helvetica,sans-serif; font-size: small;\"><span style=\"font-family: arial,helvetica,sans-serif; font-size: small;\">&#8230;. und Personalressourcen sinnvoll eingestzt!<\/span><\/span><\/p>\n<\/td>\n<td style=\"width: 150px;\"><a href=\"http:\/\/www.cobra.de\/produkte\/mobiles-crm\/\" target=\"_blank\" rel=\"noopener noreferrer\"><img loading=\"lazy\" decoding=\"async\" class=\"alignnone wp-image-3364 size-full\" src=\"http:\/\/www.syco.de\/wp-content\/uploads\/2016\/11\/mobile_crm_pack1.gif\" width=\"100\" height=\"134\" \/><\/a><\/td>\n<td style=\"width: 80px;\"><\/td>\n<\/tr>\n<\/tbody>\n<\/table>\n<\/td>\n<\/tr>\n<tr style=\"height: 24px;\">\n<td style=\"width: 803px;\"><\/td>\n<td style=\"width: 3px; height: 24px;\"><\/td>\n<td style=\"width: 799px; height: 24px;\">\n<ul>\n<li><span style=\"font-family: arial,helvetica,sans-serif; font-size: small;\"><span style=\"font-family: arial,helvetica,sans-serif; font-size: small;\">Aufgrund des Live-Datenzugriffs entf\u00e4llt die doppelte Datenpflege.<\/span><\/span><\/li>\n<li><span style=\"font-family: arial,helvetica,sans-serif; font-size: small;\"><span style=\"font-family: arial,helvetica,sans-serif; font-size: small;\">P<\/span><\/span><span style=\"font-family: arial,helvetica,sans-serif; font-size: small;\">raktisch: Telefonie, E-Mail und Datenbank liegen in einem Ger\u00e4t vor.<\/span><\/li>\n<li><span style=\"font-family: arial,helvetica,sans-serif; font-size: 10pt;\">Die Terminkoordination durch die Zentrale entlastet Ihre Vertriebsmitarbeiter, denn eine aufw\u00e4ndige Abstimmung entf\u00e4llt.<\/span><\/li>\n<\/ul>\n<p><span style=\"font-family: arial,helvetica,sans-serif; font-size: 10pt;\"><br \/>\n<a href=\"http:\/\/www.syco.de\/wp-content\/uploads\/2012\/10\/cobra_mobile_crm_apple.pdf\" target=\"_blank\" rel=\"noopener noreferrer\">Programmvorstellung Cobra Mobile CRM Apple<\/a><br \/>\n<\/span><\/p>\n<\/td>\n<\/tr>\n<tr style=\"height: 24px;\">\n<td style=\"width: 803px;\"><\/td>\n<td style=\"width: 3px; height: 24px;\"><\/td>\n<td style=\"width: 799px; height: 24px;\"><\/td>\n<\/tr>\n<tr style=\"height: 24px;\">\n<td style=\"width: 803px;\"><span style=\"font-family: arial,helvetica,sans-serif; font-size: small;\"><span style=\"color: #ff0000;\"><span style=\"color: #000000;\">\u00a0<\/span><\/span><\/span><\/td>\n<td style=\"height: 24px; width: 802px;\" colspan=\"2\"><span style=\"font-family: arial,helvetica,sans-serif; font-size: small;\"><span style=\"color: #ff0000;\"><span style=\"color: #000000;\"><img loading=\"lazy\" decoding=\"async\" class=\"alignnone size-medium wp-image-3371\" src=\"http:\/\/www.syco.de\/wp-content\/uploads\/2016\/11\/crm_pro_schrift-300x45.gif\" alt=\"\" width=\"300\" height=\"45\" \/><\/span><\/span><\/span><\/td>\n<\/tr>\n<tr style=\"height: 48px;\">\n<td style=\"width: 803px;\"><\/td>\n<td style=\"width: 3px; height: 48px;\"><\/td>\n<td style=\"width: 799px; height: 48px;\"><span style=\"font-family: arial,helvetica,sans-serif; font-size: small;\"><span style=\"font-family: arial,helvetica,sans-serif; font-size: small;\"><span style=\"font-family: arial,helvetica,sans-serif; font-size: small;\">Das Maximum rausholen<\/span> <span style=\"font-family: arial,helvetica,sans-serif; font-size: small;\">ist die Devise von cobra CRM PRO. Denn hier ist alles drin, was Ihr Unternehmen dabei unterst\u00fctzt, sich im Wettbewerb zu behaupten und Ihren Umsatz zu steigern. Cobra CRM PRO ist deshalb die richtige L\u00f6sung f\u00fcr alle Unternehmen, die maximale Leistungsf\u00e4higkeit bei Ihren Kundenmanagement fordern und effizient Abl\u00e4ufen dabei besondere Bedeutung schenken.<\/span><\/span><\/span><\/td>\n<\/tr>\n<tr style=\"height: 24px;\">\n<td style=\"width: 803px;\"><\/td>\n<td style=\"width: 3px; height: 10px;\"><\/td>\n<td style=\"width: 799px; height: 10px;\">\n<table>\n<tbody>\n<tr>\n<td>\n<p><span style=\"font-family: arial,helvetica,sans-serif; font-size: small;\"><span style=\"font-family: arial,helvetica,sans-serif; font-size: small;\">Leistungen im \u00dcberblick<\/span><\/span><\/p>\n<ul>\n<li><span style=\"font-family: arial,helvetica,sans-serif; font-size: small;\">Perfektes Adress- und Kontaktmanagement mit Dokumentenverwaltung, Telefonieanbindung und Kundenhistorie<\/span><\/li>\n<li><span style=\"font-family: arial,helvetica,sans-serif; font-size: small;\">Applikationen f\u00fcr iPhone, iPad, Blackberry und mobiler Zugriff \u00fcber SQL-Replikation, Internet oder Terminal-Server<\/span><\/li>\n<li><span style=\"font-family: arial,helvetica,sans-serif; font-size: small;\">Assistenten f\u00fcr Serienbriefe und E-Mails f\u00fcr Ihr Direktmarketing<\/span><\/li>\n<li><span style=\"font-family: arial,helvetica,sans-serif; font-size: small;\">Ausgefeiltes Berichtswesen<\/span><\/li>\n<li><span style=\"font-family: arial,helvetica,sans-serif; font-size: small;\">Vertriebsprojekte und Forecast<\/span><\/li>\n<li><span style=\"font-family: arial,helvetica,sans-serif; font-size: small;\">Workflows und Kampagen<\/span><\/li>\n<li><span style=\"font-family: arial,helvetica,sans-serif; font-size: small;\">Informationsverwaltung in Untertabellen direkt beim Kunden<\/span><\/li>\n<li><span style=\"font-family: arial,helvetica,sans-serif; font-size: small;\">Praxisorientierte Funktionen f\u00fcr Wartung und Service<\/span><\/li>\n<li><span style=\"font-family: arial,helvetica,sans-serif; font-size: small;\">cobra-eigenes Aufgaben- und Terminmanagement mit optionaler Outlook-Integration<\/span><\/li>\n<\/ul>\n<\/td>\n<td style=\"width: 150px;\"><a href=\"http:\/\/www.cobra.de\/produkte\/cobra-crm-loesungen\/\" target=\"_blank\" rel=\"noopener noreferrer\"><img loading=\"lazy\" decoding=\"async\" class=\"alignnone wp-image-3398 size-full\" src=\"http:\/\/www.syco.de\/wp-content\/uploads\/2016\/11\/crm_pro_pack.gif\" width=\"100\" height=\"144\" \/><\/a><\/td>\n<td style=\"width: 80px;\"><\/td>\n<\/tr>\n<\/tbody>\n<\/table>\n<p><span style=\"font-family: Arial; font-size: small;\">Integrierte Spezialfunktionen<\/span><\/p>\n<ul>\n<li><span style=\"font-family: arial,helvetica,sans-serif; font-size: 10pt;\">Effizienz-Modul<\/span><\/li>\n<li><span style=\"font-family: arial,helvetica,sans-serif; font-size: 10pt;\">Dubletten-Modul<\/span><\/li>\n<li><span style=\"font-family: arial,helvetica,sans-serif; font-size: 10pt;\">Nachrichtensystem<\/span><\/li>\n<li><span style=\"font-family: arial,helvetica,sans-serif; font-size: 10pt;\">\u00c4\u0084nderungsprotokoll<\/span><\/li>\n<li><span style=\"font-family: arial,helvetica,sans-serif; font-size: 10pt;\">Erweiterte Sicherheitsmechanismen<\/span><\/li>\n<\/ul>\n<p><span style=\"font-family: arial,helvetica,sans-serif; font-size: 10pt;\"><a href=\"http:\/\/www.syco.de\/wp-content\/uploads\/2012\/10\/Programmvorstellung_cobra_crm_pro.pdf\" target=\"_blank\" rel=\"noopener noreferrer\">Programmvorstellung cobra CRM PRO<\/a><\/span><\/p>\n<\/p>\n<\/td>\n<\/tr>\n<tr style=\"height: 29px;\">\n<td style=\"width: 803px;\"><\/td>\n<td style=\"width: 3px; height: 17px;\"><\/td>\n<td style=\"width: 799px; height: 17px;\"><img loading=\"lazy\" decoding=\"async\" class=\"alignnone size-full wp-image-3587\" src=\"http:\/\/www.syco.de\/wp-content\/uploads\/2018\/08\/cobra_CRM_BI_1-zeilig_96dpi.png\" alt=\"\" width=\"220\" height=\"23\" \/><\/td>\n<\/tr>\n<tr style=\"height: 48px;\">\n<td style=\"width: 803px;\"><\/td>\n<td style=\"width: 3px; height: 40px;\"><\/td>\n<td style=\"width: 799px; height: 40px;\"><span style=\"font-family: arial,helvetica,sans-serif; font-size: 10pt;\">cobra CRM BI beinhaltet alle Leistungen f\u00fcr Vertrieb, Marketing und Service der L\u00f6sung cobra CRM PRO. Das zus\u00e4tzliche Highlight ist die integrierte BI-Funktionalit\u00e4t.<\/span><\/td>\n<\/tr>\n<tr style=\"height: 220px;\">\n<td style=\"width: 803px;\"><\/td>\n<td style=\"width: 3px; height: 220px;\"><\/td>\n<td style=\"width: 799px; height: 220px;\">\n<table style=\"width: 100%; border-collapse: collapse;\" border=\"0\">\n<tbody>\n<tr>\n<td style=\"width: 71.2%;\">\n<p><span style=\"font-family: arial,helvetica,sans-serif; font-size: 10pt;\">Neben den Funktionen von cobra CRM PRO bietet cobra CRM BI:<\/span><\/p>\n<ul>\n<li><span style=\"font-family: arial,helvetica,sans-serif; font-size: 10pt;\">Dashboards inkl. Drill-Down-Funktion<\/span><\/li>\n<li><span style=\"font-family: arial,helvetica,sans-serif; font-size: 10pt;\">Data-Mining<\/span><\/li>\n<li><span style=\"font-family: arial,helvetica,sans-serif; font-size: 10pt;\">Reporting und Monitoring<\/span><\/li>\n<li><span style=\"font-family: arial,helvetica,sans-serif; font-size: 10pt;\">Datenanalyse<\/span><\/li>\n<li><span style=\"font-family: arial,helvetica,sans-serif; font-size: 10pt;\">Ad-hoc-Auswertungen<\/span><\/li>\n<li><span style=\"font-family: arial,helvetica,sans-serif; font-size: 10pt;\">Zeitreihen<\/span><\/li>\n<\/ul>\n<\/td>\n<td style=\"width: 28.79%;\"><a href=\"https:\/\/www.cobra.de\/crm-software\/business-intelligence\/\"><img loading=\"lazy\" decoding=\"async\" class=\"alignnone wp-image-3589 size-full\" src=\"http:\/\/www.syco.de\/wp-content\/uploads\/2018\/08\/cobrabi.jpg\" alt=\"\" width=\"100\" height=\"143\" \/><\/a><\/td>\n<\/tr>\n<tr>\n<td style=\"width: 71.2%;\" colspan=\"2\">\n<p><span style=\"font-family: arial,helvetica,sans-serif; font-size: 10pt;\"> <img loading=\"lazy\" decoding=\"async\" class=\"alignnone wp-image-3757 \" src=\"http:\/\/www.syco.de\/wp-content\/uploads\/2019\/07\/cobraCRM_Datenschutz_1920Pixel_breit-1024x373.jpg\" alt=\"\" width=\"684\" height=\"249\" \/><\/span><\/p>\n<\/td>\n<\/tr>\n<\/tbody>\n<\/table>\n<\/td>\n<\/tr>\n<\/tbody>\n<\/table>\n","protected":false},"excerpt":{"rendered":"<p>\u00a0 Adressen hegen &#8211; Beziehungen pflegen cobra Adress PLUS ist die bedienerfreundliche Software-L\u00f6sung f\u00fcr kleinere und mittlere Unternehmen, die Wert auf komfortables Adress- und Kontaktmanagement legen. Highlights auf einen Blick Optimales Preis-Leistungsverh\u00e4ltnis Sofort startklar durch zahlreiche integrierte Standards und Vorlagen Schnelle Entlastung durch intuitive Bedienung und zeitsparende Funktionen Flexibel und einfach auf Ihre W\u00fcnsche anpassbar &hellip; <a href=\"https:\/\/www.syco.de\/?page_id=857\" class=\"more-link\"><span class=\"screen-reader-text\">Kundenmanagement \u00b7 cobra<\/span> weiterlesen <span class=\"meta-nav\">&rarr;<\/span><\/a><\/p>\n","protected":false},"author":1,"featured_media":0,"parent":0,"menu_order":0,"comment_status":"closed","ping_status":"closed","template":"","meta":{"footnotes":""},"class_list":["post-857","page","type-page","status-publish","hentry"],"_links":{"self":[{"href":"https:\/\/www.syco.de\/index.php?rest_route=\/wp\/v2\/pages\/857","targetHints":{"allow":["GET"]}}],"collection":[{"href":"https:\/\/www.syco.de\/index.php?rest_route=\/wp\/v2\/pages"}],"about":[{"href":"https:\/\/www.syco.de\/index.php?rest_route=\/wp\/v2\/types\/page"}],"author":[{"embeddable":true,"href":"https:\/\/www.syco.de\/index.php?rest_route=\/wp\/v2\/users\/1"}],"replies":[{"embeddable":true,"href":"https:\/\/www.syco.de\/index.php?rest_route=%2Fwp%2Fv2%2Fcomments&post=857"}],"version-history":[{"count":57,"href":"https:\/\/www.syco.de\/index.php?rest_route=\/wp\/v2\/pages\/857\/revisions"}],"predecessor-version":[{"id":3764,"href":"https:\/\/www.syco.de\/index.php?rest_route=\/wp\/v2\/pages\/857\/revisions\/3764"}],"wp:attachment":[{"href":"https:\/\/www.syco.de\/index.php?rest_route=%2Fwp%2Fv2%2Fmedia&parent=857"}],"curies":[{"name":"wp","href":"https:\/\/api.w.org\/{rel}","templated":true}]}}