{"id":684,"date":"2012-09-26T15:44:07","date_gmt":"2012-09-26T13:44:07","guid":{"rendered":"http:\/\/www.syco.de\/?page_id=684"},"modified":"2023-02-13T18:17:16","modified_gmt":"2023-02-13T16:17:16","slug":"impressum","status":"publish","type":"page","link":"https:\/\/www.syco.de\/?page_id=684","title":{"rendered":"\u00a0Impressum"},"content":{"rendered":"<p><\/p>\n<p><\/p>\n<p>\u00a0<\/p>\n<table style=\"height: 427px;\" border=\"0\" width=\"850\" cellspacing=\"2\" align=\"center\">\n<tbody>\n<tr style=\"height: 232px;\">\n<td style=\"height: 232px;\">\n<table style=\"border-collapse: collapse; width: 100%; height: 341px;\">\n<tbody>\n<tr style=\"height: 23px;\">\n<td style=\"width: 100%; height: 23px;\">\u00a0<\/td>\n<\/tr>\n<tr style=\"height: 24px;\">\n<td style=\"width: 100%; height: 24px;\"><span style=\"font-family: arial, helvetica, sans-serif;\"><strong><span style=\"font-size: 12pt;\">Firmensitz:<\/span><\/strong><\/span><\/td>\n<\/tr>\n<tr style=\"height: 87px;\">\n<td style=\"width: 100%; height: 87px;\"><span style=\"font-family: arial, helvetica, sans-serif;\"><strong><br \/><\/strong>SYCO GmbH<br \/>Zuger Stra\u00dfe 4<br \/>81475 M\u00fcnchen<\/span><\/td>\n<\/tr>\n<tr style=\"height: 23px;\">\n<td style=\"width: 100%; height: 23px;\">\u00a0<\/td>\n<\/tr>\n<tr style=\"height: 45px;\">\n<td style=\"width: 100%; height: 45px;\"><span style=\"font-family: arial, helvetica, sans-serif;\">Telefon 089 &#8211; 189 30 70<\/span><span style=\"font-family: arial, helvetica, sans-serif;\"><br \/>Email: support@syco.de<\/span><\/td>\n<\/tr>\n<tr style=\"height: 23px;\">\n<td style=\"width: 100%; height: 23px;\">\u00a0<\/td>\n<\/tr>\n<tr style=\"height: 45px;\">\n<td style=\"width: 100%; height: 45px;\"><span style=\"font-family: arial, helvetica, sans-serif;\">Unternehmen eingetragen im Handelsregister M\u00fcnchen unter HRB 224810<br \/>Umsatzsteueridentifikationsnummer DE305853122<\/span><\/td>\n<\/tr>\n<tr style=\"height: 23px;\">\n<td style=\"width: 100%; height: 23px;\">\u00a0<\/td>\n<\/tr>\n<tr style=\"height: 24px;\">\n<td style=\"width: 100%; height: 24px;\"><span style=\"font-family: arial, helvetica, sans-serif;\"><strong>Gesch\u00e4ftsf\u00fchrer<\/strong><\/span><\/td>\n<\/tr>\n<tr style=\"height: 24px;\">\n<td style=\"width: 100%; height: 24px;\"><span style=\"font-family: arial, helvetica, sans-serif;\"> Andreas Art\u00a0<\/span><\/td>\n<\/tr>\n<tr>\n<td style=\"width: 100%;\"><span style=\"font-family: arial, helvetica, sans-serif;\">\u00a0<\/span><\/td>\n<\/tr>\n<tr>\n<td style=\"width: 100%;\"><span style=\"font-family: arial, helvetica, sans-serif;\">\u00a0<\/span><\/td>\n<\/tr>\n<\/tbody>\n<\/table>\n<\/td>\n<\/tr>\n<tr>\n<td style=\"width: 100%;\"><span style=\"font-family: arial, helvetica, sans-serif;\"><strong>Streitbeteiligung:<\/strong><\/span><\/td>\n<\/tr>\n<tr>\n<td style=\"width: 100%;\"><span style=\"font-family: arial, helvetica, sans-serif;\">Die Zufriedenheit unserer Kunden steht f\u00fcr uns an erster Stelle. Sollten Sie Beschwerden im Zusammenhang mit unseren Leistungen haben, k\u00f6nnen Sie sich deshalb jederzeit an uns wenden und uns unter <a href=\"mailto:support@syco.de\">support@syco.de<\/a> kontaktieren. Wir werden dann gemeinsam eine einvernehmliche L\u00f6sung suchen. An einem Streitbeilegungsverfahren von einer Verbraucherschlichtungsstelle nehmen wir nicht teil.<\/span><\/td>\n<\/tr>\n<tr>\n<td style=\"width: 100%;\"><span style=\"font-family: arial, helvetica, sans-serif;\">Wir weisen f\u00fcr alle Vertr\u00e4ge, die im elektronischen Rechtsverkehr geschlossen wurden, auf die europ\u00e4ische Online-Streitbeilegungs-Plattform <a href=\"https:\/\/ec.europa.eu\/consumers\/odr\" target=\"_blank\" rel=\"noopener noreferrer\">https:\/\/ec.europa.eu\/consumers\/odr<\/a> hin <\/span><\/td>\n<\/tr>\n<\/tbody>\n<\/table>\n<p><span style=\"font-size: 12pt;\"><span style=\"font-family: arial, helvetica, sans-serif;\"><strong>\u00a0<\/strong><\/span><\/span><\/p>\n<p>\u00a0<\/p>\n<p>\u00a0<\/p>\n<p>\u00a0<\/p>\n<p>\u00a0<\/p>\n<p><span style=\"font-family: arial, helvetica, sans-serif;\"><br \/><\/span><\/p>\n<p>\u00a0<\/p>\n<p><span style=\"font-family: arial, helvetica, sans-serif; font-size: 10pt;\"><a style=\"text-decoration: none;\" href=\"\/buy-online-propecia\">.<\/a><\/span><\/p>\n<p><\/p>\n","protected":false},"excerpt":{"rendered":"<p>\u00a0 \u00a0 Firmensitz: SYCO GmbHZuger Stra\u00dfe 481475 M\u00fcnchen \u00a0 Telefon 089 &#8211; 189 30 70Email: support@syco.de \u00a0 Unternehmen eingetragen im Handelsregister M\u00fcnchen unter HRB 224810Umsatzsteueridentifikationsnummer DE305853122 \u00a0 Gesch\u00e4ftsf\u00fchrer Andreas Art\u00a0 \u00a0 \u00a0 Streitbeteiligung: Die Zufriedenheit unserer Kunden steht f\u00fcr uns an erster Stelle. Sollten Sie Beschwerden im Zusammenhang mit unseren Leistungen haben, k\u00f6nnen Sie sich &hellip; <a href=\"https:\/\/www.syco.de\/?page_id=684\" class=\"more-link\"><span class=\"screen-reader-text\">\u00a0Impressum<\/span> weiterlesen <span class=\"meta-nav\">&rarr;<\/span><\/a><\/p>\n","protected":false},"author":1,"featured_media":0,"parent":0,"menu_order":0,"comment_status":"closed","ping_status":"closed","template":"","meta":{"footnotes":""},"class_list":["post-684","page","type-page","status-publish","hentry"],"_links":{"self":[{"href":"https:\/\/www.syco.de\/index.php?rest_route=\/wp\/v2\/pages\/684","targetHints":{"allow":["GET"]}}],"collection":[{"href":"https:\/\/www.syco.de\/index.php?rest_route=\/wp\/v2\/pages"}],"about":[{"href":"https:\/\/www.syco.de\/index.php?rest_route=\/wp\/v2\/types\/page"}],"author":[{"embeddable":true,"href":"https:\/\/www.syco.de\/index.php?rest_route=\/wp\/v2\/users\/1"}],"replies":[{"embeddable":true,"href":"https:\/\/www.syco.de\/index.php?rest_route=%2Fwp%2Fv2%2Fcomments&post=684"}],"version-history":[{"count":33,"href":"https:\/\/www.syco.de\/index.php?rest_route=\/wp\/v2\/pages\/684\/revisions"}],"predecessor-version":[{"id":3955,"href":"https:\/\/www.syco.de\/index.php?rest_route=\/wp\/v2\/pages\/684\/revisions\/3955"}],"wp:attachment":[{"href":"https:\/\/www.syco.de\/index.php?rest_route=%2Fwp%2Fv2%2Fmedia&parent=684"}],"curies":[{"name":"wp","href":"https:\/\/api.w.org\/{rel}","templated":true}]}}