{"id":456,"date":"2012-09-12T15:31:25","date_gmt":"2012-09-12T15:31:25","guid":{"rendered":"http:\/\/www.syco.de\/?page_id=456"},"modified":"2023-08-09T09:33:55","modified_gmt":"2023-08-09T07:33:55","slug":"home","status":"publish","type":"page","link":"https:\/\/www.syco.de\/","title":{"rendered":"\u00a0Home"},"content":{"rendered":"<p><\/p>\n<p>\u00a0<\/p>\n<table class=\" aligncenter\" style=\"width: 134.268%;\" border=\"0\" align=\"center\">\n<tbody>\n<tr style=\"height: 122px;\">\n<td style=\"width: 20.9507%; text-align: right; vertical-align: bottom;\" colspan=\"2\" align=\"center\" valign=\"top\">\n<table class=\" alignleft\" style=\"width: 100%;\">\n<tbody>\n<tr style=\"height: 95px;\">\n<td style=\"vertical-align: middle; height: 95px; text-align: center; width: 81.5753%;\"><span style=\"font-family: arial,helvetica,sans-serif;\"><span style=\"color: #000000; font-size: 24pt;\"><strong>SYCO GmbH<br \/><\/strong>Ihr Partner f\u00fcr IT-Dienstleistungen<\/span><\/span><\/td>\n<td style=\"height: 95px; width: 21.5104%;\"><span style=\"font-family: arial,helvetica,sans-serif;\"> <img loading=\"lazy\" decoding=\"async\" class=\"alignright wp-image-1808\" src=\"http:\/\/www.syco.de\/wp-content\/uploads\/2012\/09\/sycologo-mit-R-200x200-pixel.jpg\" alt=\"sycologo mit R 200x200 pixel\" width=\"80\" height=\"80\" srcset=\"https:\/\/www.syco.de\/wp-content\/uploads\/2012\/09\/sycologo-mit-R-200x200-pixel.jpg 200w, https:\/\/www.syco.de\/wp-content\/uploads\/2012\/09\/sycologo-mit-R-200x200-pixel-150x150.jpg 150w\" sizes=\"auto, (max-width: 80px) 100vw, 80px\" \/><\/span><\/td>\n<\/tr>\n<\/tbody>\n<\/table>\n<p style=\"text-align: left;\">\u00a0<\/p>\n<table style=\"height: px;\">\n<tbody>\n<tr style=\"height: 695px;\">\n<td style=\"width: 10%; vertical-align: middle; height: 695px;\">\n<p style=\"text-align: left;\">\u00a0<\/p>\n<\/td>\n<td style=\"width: 165.635%; border-color: #f0d613; border-style: none; vertical-align: top; height: 695px;\" colspan=\"5\">\n<p>\u00a0<\/p>\n<p style=\"text-align: left;\"><span style=\"font-family: arial, helvetica, sans-serif; font-size: 12pt;\"><span style=\"color: #ff0000;\"><br \/>V<\/span>ielen Dank f\u00fcr Ihr Interesse an unserem Unternehmen.<\/span><\/p>\n<p>\u00a0<\/p>\n<p style=\"text-align: left;\"><span style=\"font-size: 12pt; font-family: arial, helvetica, sans-serif;\"><span style=\"color: #ff0000;\">D<\/span>ie SYCO ist Ihr kompetenter Partner in allen Fragen rund um die EDV.<\/span><\/p>\n<p>\u00a0<\/p>\n<p style=\"text-align: left;\"><span style=\"font-size: 12pt; font-family: arial, helvetica, sans-serif;\">Wir machen uns mit den Strukturen Ihres Unternehmens vertraut und erarbeiten auf dieser Basis einen optimalen Service. Im Fokus stehen dabei Ihre ganz pers\u00f6nlichen Anforderungen &#8211; Ihr Netzwerk ist schlie\u00dflich so individuell wie Ihre Firma.<\/span><\/p>\n<p style=\"text-align: left;\"><span style=\"font-size: 12pt; font-family: arial, helvetica, sans-serif;\"><br \/><\/span><span style=\"font-size: 12pt; font-family: arial, helvetica, sans-serif;\"><span style=\"color: #ff0000;\">D<\/span>ie SYCO bietet kleinen und mittelst\u00e4ndischen Unternehmen, sowie sozialen Einrichtungen ein breites Spektrum an Leistungen.<\/span><\/p>\n<p style=\"text-align: left;\"><span style=\"font-size: 12pt; font-family: arial, helvetica, sans-serif;\">.<\/span><\/p>\n<p style=\"text-align: left;\"><span style=\"font-size: 12pt; font-family: arial, helvetica, sans-serif;\"><span style=\"color: #ff0000;\">W<\/span>orkflow-Organisation, Netzwerk, Schulung, Lizenz- und Update Management, Integration neuer Soft-und Hardware, laufende Kontrolle von Virenschutz und Datensicherung.<br \/><\/span><\/p>\n<p>\u00a0<\/p>\n<p style=\"text-align: left;\"><span style=\"font-family: arial,helvetica,sans-serif; font-size: 12pt;\"><span style=\"color: #ff0000;\">Z<\/span>usammen mit unseren Partnern aus dem Hard- und Softwarebereich k\u00f6nnen wir auch f\u00fcr Ihr Unternehmen ma\u00dfgeschneiderte L\u00f6sungen anbieten.<\/span><\/p>\n<\/td>\n<\/tr>\n<tr style=\"height: 116px;\">\n<td style=\"width: 10%; text-align: center; vertical-align: middle; height: 116px;\">\u00a0<\/td>\n<td style=\"width: 34.9179%; height: 116px; text-align: center; vertical-align: middle;\">\u00a0<\/td>\n<td style=\"width: 3.57045%; height: 116px; text-align: center; vertical-align: bottom;\">\u00a0<\/td>\n<td style=\"text-align: center; vertical-align: middle; width: 96.5078%; height: 183px;\" rowspan=\"2\"><a href=\"https:\/\/www.datenschutz.com\"><img loading=\"lazy\" decoding=\"async\" class=\"aligncenter\" style=\"width: 150px; height: auto;\" src=\"https:\/\/www.datenschutz.com\/siegel\/7c72908986.svg\" alt=\"\" width=\"150\" height=\"150\" \/><\/a><\/td>\n<td style=\"width: 1.89036%; height: 116px; vertical-align: middle;\">\u00a0<\/td>\n<td style=\"width: 28.7489%; height: 116px; text-align: center; vertical-align: bottom;\"><a href=\"http:\/\/www.syco.de\/?page_id=857\"><img loading=\"lazy\" decoding=\"async\" class=\"alignnone wp-image-3636 size-full\" src=\"http:\/\/www.syco.de\/wp-content\/uploads\/2019\/07\/Business-Partner-2019_300dpi_CMYK-e1564403661182.jpg\" alt=\"\" width=\"170\" height=\"96\" \/><\/a><\/td>\n<\/tr>\n<tr style=\"height: 20px;\">\n<td style=\"width: 10%; height: 67px;\">\u00a0<\/td>\n<td style=\"width: 34.9179%; height: 67px;\">\u00a0<\/td>\n<td style=\"width: 3.57045%; height: 67px;\">\u00a0<\/td>\n<td style=\"width: 1.89036%; height: 67px;\">\u00a0<\/td>\n<td style=\"width: 28.7489%; height: 67px;\">\u00a0<\/td>\n<\/tr>\n<tr style=\"height: 24px;\">\n<td style=\"width: 10%; height: 24px;\">\u00a0<\/td>\n<td style=\"height: 24px; width: 165.635%;\" colspan=\"5\">\u00a0<\/td>\n<\/tr>\n<\/tbody>\n<\/table>\n<\/td>\n<\/tr>\n<tr style=\"height: 24.5px;\">\n<td style=\"width: 20.9507%; height: 24.5px; text-align: left;\" colspan=\"2\">\u00a0<\/td>\n<\/tr>\n<\/tbody>\n<\/table>\n<p><!--more--><\/p>\n<p><\/p>\n","protected":false},"excerpt":{"rendered":"<p>\u00a0 SYCO GmbHIhr Partner f\u00fcr IT-Dienstleistungen \u00a0 \u00a0 \u00a0 Vielen Dank f\u00fcr Ihr Interesse an unserem Unternehmen. \u00a0 Die SYCO ist Ihr kompetenter Partner in allen Fragen rund um die EDV. \u00a0 Wir machen uns mit den Strukturen Ihres Unternehmens vertraut und erarbeiten auf dieser Basis einen optimalen Service. Im Fokus stehen dabei Ihre ganz &hellip; <a href=\"https:\/\/www.syco.de\/\" class=\"more-link\"><span class=\"screen-reader-text\">\u00a0Home<\/span> weiterlesen <span class=\"meta-nav\">&rarr;<\/span><\/a><\/p>\n","protected":false},"author":1,"featured_media":0,"parent":0,"menu_order":1,"comment_status":"closed","ping_status":"closed","template":"","meta":{"footnotes":""},"class_list":["post-456","page","type-page","status-publish","hentry"],"_links":{"self":[{"href":"https:\/\/www.syco.de\/index.php?rest_route=\/wp\/v2\/pages\/456","targetHints":{"allow":["GET"]}}],"collection":[{"href":"https:\/\/www.syco.de\/index.php?rest_route=\/wp\/v2\/pages"}],"about":[{"href":"https:\/\/www.syco.de\/index.php?rest_route=\/wp\/v2\/types\/page"}],"author":[{"embeddable":true,"href":"https:\/\/www.syco.de\/index.php?rest_route=\/wp\/v2\/users\/1"}],"replies":[{"embeddable":true,"href":"https:\/\/www.syco.de\/index.php?rest_route=%2Fwp%2Fv2%2Fcomments&post=456"}],"version-history":[{"count":288,"href":"https:\/\/www.syco.de\/index.php?rest_route=\/wp\/v2\/pages\/456\/revisions"}],"predecessor-version":[{"id":3965,"href":"https:\/\/www.syco.de\/index.php?rest_route=\/wp\/v2\/pages\/456\/revisions\/3965"}],"wp:attachment":[{"href":"https:\/\/www.syco.de\/index.php?rest_route=%2Fwp%2Fv2%2Fmedia&parent=456"}],"curies":[{"name":"wp","href":"https:\/\/api.w.org\/{rel}","templated":true}]}}