{"id":431,"date":"2012-09-12T15:28:13","date_gmt":"2012-09-12T13:28:13","guid":{"rendered":"http:\/\/www.syco.de\/?page_id=431"},"modified":"2019-08-01T13:49:13","modified_gmt":"2019-08-01T11:49:13","slug":"netzwerktechnik","status":"publish","type":"page","link":"https:\/\/www.syco.de\/?page_id=431","title":{"rendered":"\u00a0Netzwerktechnik"},"content":{"rendered":"<table class=\" aligncenter\" style=\"height: 395px; width: 90%;\" border=\"0\">\n<tbody>\n<tr style=\"height: 115px;\">\n<td style=\"width: 5%; height: 115px;\"><\/td>\n<td style=\"width: 14.4283%; height: 115px;\"><img loading=\"lazy\" decoding=\"async\" class=\"aligncenter size-full wp-image-1178\" src=\"http:\/\/www.syco.de\/wp-content\/uploads\/2012\/09\/netzwerk_foto1h.gif\" alt=\"netzwerk_foto1h\" width=\"111\" height=\"110\" \/><\/td>\n<td style=\"width: 1.81488%; height: 115px;\"><\/td>\n<td style=\"width: 38.8385%; height: 115px;\"><img loading=\"lazy\" decoding=\"async\" class=\"aligncenter size-thumbnail wp-image-1179\" src=\"http:\/\/www.syco.de\/wp-content\/uploads\/2012\/09\/netzwerk_foto3-150x111.gif\" alt=\"netzwerk_foto3\" width=\"150\" height=\"111\" \/><\/td>\n<td style=\"width: 29.2196%; height: 115px;\"><img loading=\"lazy\" decoding=\"async\" class=\"aligncenter size-full wp-image-1180\" src=\"http:\/\/www.syco.de\/wp-content\/uploads\/2012\/09\/netzwerk_foto2h.gif\" alt=\"netzwerk_foto2h\" width=\"111\" height=\"109\" \/><\/td>\n<\/tr>\n<tr style=\"height: 20px;\">\n<td style=\"width: 5%;\"><\/td>\n<td style=\"width: 14.4283%;\"><\/td>\n<td style=\"width: 1.81488%;\"><\/td>\n<td style=\"width: 38.8385%;\"><\/td>\n<td style=\"width: 29.2196%;\"><\/td>\n<\/tr>\n<tr style=\"height: 64px;\">\n<td style=\"width: 5%; height: 64px;\"><\/td>\n<td style=\"width: 84.3013%; height: 64px;\" colspan=\"4\">Wir setzten die modernste EDV-Technik ein und sind stets auf dem laufenden. Von Anfang an beraten wir Sie optimal und speziell auf Ihre Anforderungen abgestimmt.<\/td>\n<\/tr>\n<tr style=\"height: 84px;\">\n<td style=\"width: 5%; height: 84px;\"><\/td>\n<td style=\"width: 84.3013%; height: 84px;\" colspan=\"4\">Verbindungen von unterschiedlichsten Systemen und verschiedenenster Hersteller bestimmen unsere t\u00e4gliche Arbeit. Auch heterogene Umgebungen sind bei uns selbstverst\u00e4ndlich<\/td>\n<\/tr>\n<tr style=\"height: 84px;\">\n<td style=\"width: 5%; height: 84px;\"><\/td>\n<td style=\"width: 84.3013%; height: 84px;\" colspan=\"4\">Netzwerke mit den verschiedensten Betriebssystemen, Peer to Peer oder Serverbasierend, werden durch uns betreut. Von der Verkabelung \u00fcber die Installation bis hin zur regelm\u00e4ssigen Wartung sind wir f\u00fcr Sie da.<\/td>\n<\/tr>\n<\/tbody>\n<\/table>\n","protected":false},"excerpt":{"rendered":"<p>Wir setzten die modernste EDV-Technik ein und sind stets auf dem laufenden. Von Anfang an beraten wir Sie optimal und speziell auf Ihre Anforderungen abgestimmt. Verbindungen von unterschiedlichsten Systemen und verschiedenenster Hersteller bestimmen unsere t\u00e4gliche Arbeit. Auch heterogene Umgebungen sind bei uns selbstverst\u00e4ndlich Netzwerke mit den verschiedensten Betriebssystemen, Peer to Peer oder Serverbasierend, werden durch &hellip; <a href=\"https:\/\/www.syco.de\/?page_id=431\" class=\"more-link\"><span class=\"screen-reader-text\">\u00a0Netzwerktechnik<\/span> weiterlesen <span class=\"meta-nav\">&rarr;<\/span><\/a><\/p>\n","protected":false},"author":1,"featured_media":0,"parent":357,"menu_order":0,"comment_status":"closed","ping_status":"closed","template":"","meta":{"footnotes":""},"class_list":["post-431","page","type-page","status-publish","hentry"],"_links":{"self":[{"href":"https:\/\/www.syco.de\/index.php?rest_route=\/wp\/v2\/pages\/431","targetHints":{"allow":["GET"]}}],"collection":[{"href":"https:\/\/www.syco.de\/index.php?rest_route=\/wp\/v2\/pages"}],"about":[{"href":"https:\/\/www.syco.de\/index.php?rest_route=\/wp\/v2\/types\/page"}],"author":[{"embeddable":true,"href":"https:\/\/www.syco.de\/index.php?rest_route=\/wp\/v2\/users\/1"}],"replies":[{"embeddable":true,"href":"https:\/\/www.syco.de\/index.php?rest_route=%2Fwp%2Fv2%2Fcomments&post=431"}],"version-history":[{"count":9,"href":"https:\/\/www.syco.de\/index.php?rest_route=\/wp\/v2\/pages\/431\/revisions"}],"predecessor-version":[{"id":3780,"href":"https:\/\/www.syco.de\/index.php?rest_route=\/wp\/v2\/pages\/431\/revisions\/3780"}],"up":[{"embeddable":true,"href":"https:\/\/www.syco.de\/index.php?rest_route=\/wp\/v2\/pages\/357"}],"wp:attachment":[{"href":"https:\/\/www.syco.de\/index.php?rest_route=%2Fwp%2Fv2%2Fmedia&parent=431"}],"curies":[{"name":"wp","href":"https:\/\/api.w.org\/{rel}","templated":true}]}}