{"id":422,"date":"2012-09-12T15:27:38","date_gmt":"2012-09-12T13:27:38","guid":{"rendered":"http:\/\/www.syco.de\/?page_id=422"},"modified":"2019-08-01T14:06:53","modified_gmt":"2019-08-01T12:06:53","slug":"consulting","status":"publish","type":"page","link":"https:\/\/www.syco.de\/?page_id=422","title":{"rendered":"\u00a0Consulting"},"content":{"rendered":"<\/p>\n<table class=\" aligncenter\" style=\"width: 95%;\" border=\"0\" align=\"center\">\n<tbody>\n<tr>\n<td style=\"width: 5%;\" rowspan=\"3\">\n<p><span style=\"font-family: arial,helvetica,sans-serif; font-size: medium;\">\u00a0<\/span><\/p>\n<p><span style=\"font-family: arial,helvetica,sans-serif; font-size: medium;\"><strong>\u00a0<\/strong><\/span><\/p>\n<p><span style=\"font-family: arial,helvetica,sans-serif; font-size: medium;\">\u00a0<\/span><\/p>\n<\/td>\n<td style=\"width: 84.755%;\">\n<p><span style=\"font-family: arial,helvetica,sans-serif; font-size: medium;\">Um IT richtig und effizient einzusetzen, bedarf es zun\u00e4chst einer ausf\u00fchrlichen Analyse und Bewertung der IT-Anforderungen in Ihrem Unternehmen.<\/span><\/p>\n<\/td>\n<td style=\"width: 12.7042%;\" rowspan=\"3\"><img loading=\"lazy\" decoding=\"async\" class=\"alignright\" src=\"http:\/\/www.syco.de\/wp-content\/uploads\/2012\/09\/consulting.gif\" alt=\"consulting\" width=\"142\" height=\"166\" \/><\/td>\n<\/tr>\n<tr>\n<td style=\"width: 84.755%;\">\n<p><span style=\"font-family: arial,helvetica,sans-serif; font-size: medium;\"><strong>SYCO<\/strong> begleitet Sie auf diesem Weg &#8211; von der Beratung und Planung \u00fcber den Kauf, die Finanzierung bis zur Nachbetreuung Ihrer neuen IT-Landschaft.<\/span><\/p>\n<\/td>\n<\/tr>\n<tr>\n<td style=\"width: 84.755%;\">\n<p><span style=\"font-family: arial,helvetica,sans-serif; font-size: medium;\">Dabei garantieren wir Seriosit\u00e4t, Ehrlichkeit und Flexibilit\u00e4t, sowie schlanke Kostenstrukturen und faire Preise.<\/span><\/p>\n<\/td>\n<\/tr>\n<tr>\n<td style=\"width: 5%;\">\n<p><span style=\"font-family: arial,helvetica,sans-serif; font-size: medium;\">\u00a0<\/span><\/p>\n<\/td>\n<td style=\"width: 84.755%;\">\n<p><span style=\"font-family: arial,helvetica,sans-serif; font-size: medium;\">Stundens\u00e4tze f\u00fcr IT-Dienstleister im Raum M\u00fcnchen liegen zwischen 80,00 bis 160,00 Euro. So sollte ein Unternehmen mit ca. 20 Arbeitspl\u00e4tzen im Durchschnitt mit monatlichen Kosten von 800,00 Euro f\u00fcr die EDV rechnen.<\/span><\/p>\n<\/td>\n<td style=\"width: 12.7042%;\"><\/td>\n<\/tr>\n<\/tbody>\n<\/table><\/p>\n","protected":false},"excerpt":{"rendered":"<p>\u00a0 \u00a0 \u00a0 Um IT richtig und effizient einzusetzen, bedarf es zun\u00e4chst einer ausf\u00fchrlichen Analyse und Bewertung der IT-Anforderungen in Ihrem Unternehmen. SYCO begleitet Sie auf diesem Weg &#8211; von der Beratung und Planung \u00fcber den Kauf, die Finanzierung bis zur Nachbetreuung Ihrer neuen IT-Landschaft. Dabei garantieren wir Seriosit\u00e4t, Ehrlichkeit und Flexibilit\u00e4t, sowie schlanke Kostenstrukturen &hellip; <a href=\"https:\/\/www.syco.de\/?page_id=422\" class=\"more-link\"><span class=\"screen-reader-text\">\u00a0Consulting<\/span> weiterlesen <span class=\"meta-nav\">&rarr;<\/span><\/a><\/p>\n","protected":false},"author":1,"featured_media":0,"parent":357,"menu_order":0,"comment_status":"closed","ping_status":"closed","template":"","meta":{"footnotes":""},"class_list":["post-422","page","type-page","status-publish","hentry"],"_links":{"self":[{"href":"https:\/\/www.syco.de\/index.php?rest_route=\/wp\/v2\/pages\/422","targetHints":{"allow":["GET"]}}],"collection":[{"href":"https:\/\/www.syco.de\/index.php?rest_route=\/wp\/v2\/pages"}],"about":[{"href":"https:\/\/www.syco.de\/index.php?rest_route=\/wp\/v2\/types\/page"}],"author":[{"embeddable":true,"href":"https:\/\/www.syco.de\/index.php?rest_route=\/wp\/v2\/users\/1"}],"replies":[{"embeddable":true,"href":"https:\/\/www.syco.de\/index.php?rest_route=%2Fwp%2Fv2%2Fcomments&post=422"}],"version-history":[{"count":24,"href":"https:\/\/www.syco.de\/index.php?rest_route=\/wp\/v2\/pages\/422\/revisions"}],"predecessor-version":[{"id":3786,"href":"https:\/\/www.syco.de\/index.php?rest_route=\/wp\/v2\/pages\/422\/revisions\/3786"}],"up":[{"embeddable":true,"href":"https:\/\/www.syco.de\/index.php?rest_route=\/wp\/v2\/pages\/357"}],"wp:attachment":[{"href":"https:\/\/www.syco.de\/index.php?rest_route=%2Fwp%2Fv2%2Fmedia&parent=422"}],"curies":[{"name":"wp","href":"https:\/\/api.w.org\/{rel}","templated":true}]}}