{"id":2108,"date":"2013-09-26T11:25:35","date_gmt":"2013-09-26T09:25:35","guid":{"rendered":"http:\/\/www.syco.de\/?page_id=2108"},"modified":"2019-07-30T13:32:49","modified_gmt":"2019-07-30T11:32:49","slug":"fernwartung-safari-hilfe","status":"publish","type":"page","link":"https:\/\/www.syco.de\/?page_id=2108","title":{"rendered":"\u00a0Fernwartung Safari -Hilfe"},"content":{"rendered":"<table style=\"width: 95%;\" border=\"0\">\n<tbody>\n<tr style=\"height: 25px;\">\n<td style=\"height: 25px;\" colspan=\"2\"><\/td>\n<\/tr>\n<tr style=\"height: 25px;\">\n<td style=\"height: 25px;\" colspan=\"2\"><span style=\"text-decoration: underline; font-size: small;\"><strong><span style=\"font-family: arial,helvetica,sans-serif;\">Hilfe zur Benutzung der Fernwartung mit dem Safari Browser<br \/>\n<\/span><\/strong><\/span><\/td>\n<\/tr>\n<tr style=\"height: 25px;\">\n<td style=\"height: 25px;\"><span style=\"font-size: small; font-family: arial,helvetica,sans-serif;\">\u00a0<\/span><\/td>\n<td style=\"height: 25px;\"><span style=\"font-size: small; font-family: arial,helvetica,sans-serif;\">\u00a0<\/span><\/td>\n<\/tr>\n<tr style=\"height: 25px;\">\n<td style=\"height: 25px;\"><span style=\"font-size: small; font-family: arial,helvetica,sans-serif;\">\u00a0<strong>1.<\/strong><\/span><\/td>\n<td style=\"height: 25px;\"><span style=\"font-size: small; font-family: arial,helvetica,sans-serif;\">Laden Sie sich die Datei herunter, indem Sie auf das Teamviewer-Logo dr\u00fccken.<\/span><\/td>\n<\/tr>\n<tr style=\"height: 48px;\">\n<td style=\"height: 48px;\"><span style=\"font-size: small; font-family: arial,helvetica,sans-serif;\">\u00a0<\/span><\/td>\n<td style=\"height: 48px;\"><span style=\"font-size: small; font-family: arial,helvetica,sans-serif;\"><span style=\"font-size: small; font-family: arial,helvetica,sans-serif;\"><a href=\"http:\/\/www.syco.de\/wp-content\/uploads\/2012\/09\/TeamViewerQS.zip\"><img loading=\"lazy\" decoding=\"async\" class=\"aligncenter wp-image-1030\" src=\"http:\/\/www.syco.de\/wp-content\/uploads\/2013\/02\/teamviewer_logo.jpg\" alt=\"\" width=\"160\" height=\"43\" \/><\/a><\/span><\/span><\/td>\n<\/tr>\n<tr style=\"height: 25px;\">\n<td style=\"height: 25px;\"><span style=\"font-size: small; font-family: arial,helvetica,sans-serif;\">\u00a0<\/span><\/td>\n<td style=\"height: 25px;\"><span style=\"font-size: small; font-family: arial,helvetica,sans-serif;\">\u00a0<\/span><\/td>\n<\/tr>\n<tr style=\"height: 26px;\">\n<td style=\"height: 26px;\"><span style=\"font-size: small; font-family: arial,helvetica,sans-serif;\">\u00a0<strong>2.<\/strong><\/span><\/td>\n<td style=\"height: 26px;\"><span style=\"font-size: small; font-family: arial,helvetica,sans-serif;\">Es \u00f6ffnet sich ein extra Fenster. Dr\u00fccken Sie auf Ausf\u00fchren um die Anwendung zu starten.<\/span><\/td>\n<\/tr>\n<tr style=\"height: 149px;\">\n<td style=\"height: 149px;\"><span style=\"font-size: small; font-family: arial,helvetica,sans-serif;\">\u00a0<\/span><\/td>\n<td style=\"height: 149px;\"><span style=\"font-size: small; font-family: arial,helvetica,sans-serif;\"><img loading=\"lazy\" decoding=\"async\" class=\"aligncenter size-full wp-image-2114\" src=\"http:\/\/www.syco.de\/wp-content\/uploads\/2013\/09\/Safari_Download.jpg\" alt=\"\" width=\"345\" height=\"141\" \/><\/span><\/td>\n<\/tr>\n<tr style=\"height: 26px;\">\n<td style=\"height: 26px;\"><span style=\"font-size: small; font-family: arial,helvetica,sans-serif;\">\u00a0<\/span><\/td>\n<td style=\"height: 26px;\"><span style=\"font-size: small; font-family: arial,helvetica,sans-serif;\">\u00a0<\/span><\/td>\n<\/tr>\n<tr style=\"height: 26px;\">\n<td style=\"height: 26px;\" align=\"center\" valign=\"top\"><strong><span style=\"font-size: small; font-family: arial,helvetica,sans-serif;\">3.<\/span><\/strong><\/td>\n<td style=\"height: 26px;\"><span style=\"font-size: small; font-family: arial,helvetica,sans-serif;\"><span style=\"font-size: small; font-family: arial,helvetica,sans-serif;\">Das Programm der Fernwartung \u00f6ffnet sich.\u00a0Damit wir Ihnen helfen k\u00f6nnen, m\u00fcssen Sie uns Ihre ID mitteilen<\/span>.<\/span><\/td>\n<\/tr>\n<tr style=\"height: 227px;\">\n<td style=\"height: 227px;\"><span style=\"font-size: small; font-family: arial,helvetica,sans-serif;\">\u00a0<\/span><\/td>\n<td style=\"height: 227px;\"><span style=\"font-size: small; font-family: arial,helvetica,sans-serif;\">\u00a0<span style=\"font-size: small; font-family: arial,helvetica,sans-serif;\"><a href=\"http:\/\/www.syco.de\/wp-content\/uploads\/2013\/02\/Teamviewer-ID-e1403011467198.jpg\"><img loading=\"lazy\" decoding=\"async\" class=\"aligncenter  wp-image-2716\" src=\"http:\/\/www.syco.de\/wp-content\/uploads\/2013\/02\/Teamviewer-ID-e1403011467198.jpg\" alt=\"Teamviewer ID\" width=\"163\" height=\"201\" srcset=\"https:\/\/www.syco.de\/wp-content\/uploads\/2013\/02\/Teamviewer-ID-e1403011467198.jpg 305w, https:\/\/www.syco.de\/wp-content\/uploads\/2013\/02\/Teamviewer-ID-e1403011467198-243x300.jpg 243w\" sizes=\"auto, (max-width: 163px) 100vw, 163px\" \/><\/a><\/span><\/span><\/td>\n<\/tr>\n<\/tbody>\n<\/table>\n<p><a style=\"text-decoration: none;\" href=\"\/propecia-website-reviews\">.<\/a><\/p>\n","protected":false},"excerpt":{"rendered":"<p>Hilfe zur Benutzung der Fernwartung mit dem Safari Browser \u00a0 \u00a0 \u00a01. Laden Sie sich die Datei herunter, indem Sie auf das Teamviewer-Logo dr\u00fccken. \u00a0 \u00a0 \u00a0 \u00a02. Es \u00f6ffnet sich ein extra Fenster. Dr\u00fccken Sie auf Ausf\u00fchren um die Anwendung zu starten. \u00a0 \u00a0 \u00a0 3. Das Programm der Fernwartung \u00f6ffnet sich.\u00a0Damit wir Ihnen &hellip; <a href=\"https:\/\/www.syco.de\/?page_id=2108\" class=\"more-link\"><span class=\"screen-reader-text\">\u00a0Fernwartung Safari -Hilfe<\/span> weiterlesen <span class=\"meta-nav\">&rarr;<\/span><\/a><\/p>\n","protected":false},"author":1,"featured_media":0,"parent":0,"menu_order":0,"comment_status":"closed","ping_status":"closed","template":"","meta":{"footnotes":""},"class_list":["post-2108","page","type-page","status-publish","hentry"],"_links":{"self":[{"href":"https:\/\/www.syco.de\/index.php?rest_route=\/wp\/v2\/pages\/2108","targetHints":{"allow":["GET"]}}],"collection":[{"href":"https:\/\/www.syco.de\/index.php?rest_route=\/wp\/v2\/pages"}],"about":[{"href":"https:\/\/www.syco.de\/index.php?rest_route=\/wp\/v2\/types\/page"}],"author":[{"embeddable":true,"href":"https:\/\/www.syco.de\/index.php?rest_route=\/wp\/v2\/users\/1"}],"replies":[{"embeddable":true,"href":"https:\/\/www.syco.de\/index.php?rest_route=%2Fwp%2Fv2%2Fcomments&post=2108"}],"version-history":[{"count":18,"href":"https:\/\/www.syco.de\/index.php?rest_route=\/wp\/v2\/pages\/2108\/revisions"}],"predecessor-version":[{"id":3663,"href":"https:\/\/www.syco.de\/index.php?rest_route=\/wp\/v2\/pages\/2108\/revisions\/3663"}],"wp:attachment":[{"href":"https:\/\/www.syco.de\/index.php?rest_route=%2Fwp%2Fv2%2Fmedia&parent=2108"}],"curies":[{"name":"wp","href":"https:\/\/api.w.org\/{rel}","templated":true}]}}